{"id":1058,"date":"2021-11-04T17:59:27","date_gmt":"2021-11-04T16:59:27","guid":{"rendered":"http:\/\/amimuse.org\/?page_id=1058"},"modified":"2021-11-05T14:19:16","modified_gmt":"2021-11-05T13:19:16","slug":"la-comte","status":"publish","type":"page","link":"http:\/\/amimuse.org\/?page_id=1058","title":{"rendered":"LA COMT\u00c9"},"content":{"rendered":"\n<p class=\"has-text-align-center\">Cliquez sur la page choisie :<\/p>\n\n\n\n<p class=\"has-text-align-center has-header-gradient-color has-text-color\"><strong><a href=\"http:\/\/amimuse.org\/?page_id=989\">Fl\u00fbte<\/a> \u2022 <a href=\"http:\/\/amimuse.org\/?page_id=993\">Clarinette<\/a> \u2022 <a href=\"http:\/\/amimuse.org\/?page_id=1013\">Cor<\/a> \u2022 <a href=\"http:\/\/amimuse.org\/?page_id=1017\">Basson<\/a><\/strong><\/p>\n\n\n\n<p class=\"has-text-align-center has-medium-font-size\"><a href=\"http:\/\/amimuse.org\/?page_id=989\"><strong><a href=\"http:\/\/amimuse.org\/?page_id=1030\">01-Vent de folie<\/a> \u2022 <a href=\"http:\/\/amimuse.org\/?page_id=1033\">02-Fibich<\/a> \u2022 <a href=\"http:\/\/amimuse.org\/?page_id=1041\">03-Remando<\/a> \u2022 <a href=\"http:\/\/amimuse.org\/?page_id=1045\">04-R\u00eaverie<\/a><br><a href=\"http:\/\/amimuse.org\/?page_id=1052\">05-Quintette de Taffanel<\/a> \u2022 <a href=\"http:\/\/amimuse.org\/?page_id=1058\">06-La Comt\u00e9<\/a><br><a href=\"http:\/\/amimuse.org\/?page_id=1064\">07-Concerto pour cor<\/a> \u2022 <a href=\"http:\/\/amimuse.org\/?page_id=1073\">08-Le Mal du pays<\/a> \u2022 <a href=\"http:\/\/amimuse.org\/?page_id=1079\">09-Le joueur de vielle<\/a><br><a href=\"http:\/\/amimuse.org\/?page_id=1089\">10-Valse de mariage<\/a> \u2022 <a href=\"http:\/\/amimuse.org\/?page_id=1106\">11-Grandfather<\/a><\/strong><br><a href=\"http:\/\/amimuse.org\/?page_id=1177\">Ensemble Les Quatre Vents<\/a><\/a><\/p>\n\n\n\n<div style=\"height:100px\" aria-hidden=\"true\" class=\"wp-block-spacer\"><\/div>\n\n\n\n<p class=\"has-text-align-center has-accent-color has-text-color\" style=\"font-size:40px\"><strong><em>Le Seigneur des anneaux, La Comt\u00e9<\/em><\/strong><br>de <strong>Howard Shore<\/strong><\/p>\n\n\n\n<div style=\"height:60px\" aria-hidden=\"true\" class=\"wp-block-spacer\"><\/div>\n\n\n\n<div class=\"wp-block-media-text alignwide is-stacked-on-mobile\" style=\"grid-template-columns:25% auto\"><figure class=\"wp-block-media-text__media\"><img loading=\"lazy\" width=\"250\" height=\"318\" src=\"http:\/\/amimuse.org\/wp-content\/uploads\/2021\/11\/Howard-Shore-250.jpg\" alt=\"\" class=\"wp-image-1060\" srcset=\"http:\/\/amimuse.org\/wp-content\/uploads\/2021\/11\/Howard-Shore-250.jpg 250w, http:\/\/amimuse.org\/wp-content\/uploads\/2021\/11\/Howard-Shore-250-236x300.jpg 236w\" sizes=\"(max-width: 250px) 100vw, 250px\" \/><\/figure><div class=\"wp-block-media-text__content\">\n<p>Howard Shore, n\u00e9 le 18 octobre 1946 au Canada, est un compositeur de musique de film, chef d\u2019orchestre, et orchestrateur. Il est surtout connu pour la musique des trois volets de la trilogie <em>Le Seigneur des anneaux<\/em>, r\u00e9alis\u00e9e par Peter Jackson, qui lui valut d\u2019\u00eatre r\u00e9compens\u00e9 par deux Oscars du cin\u00e9ma (pour <em>La Communaut\u00e9 de l\u2019anneau<\/em> et <em>Le Retour du roi<\/em> ) et dont les th\u00e8mes sont entr\u00e9s dans la culture populaire. Il a aussi compos\u00e9 la musique de la trilogie <em>Le Hobbit<\/em> (\u00e9galement r\u00e9alis\u00e9e par Peter Jackson). Il a aussi \u00e9crit la musique de presque tous les films de Cronenberg (<em>Faux-semblants, Le Festin nu<\/em> ou <em>Crash<\/em>).<br><em>La Comt\u00e9<\/em> est un pays de fiction imagin\u00e9 par l\u2019\u00e9crivain britannique Tolkien, o\u00f9 se d\u00e9roulent de nombreux passages de ses romans <em>Le Hobbit<\/em> et <em>Le Seigneur des anneaux<\/em>. Il est peupl\u00e9 exclusivement de <em>Hobbits<\/em>, cr\u00e9atures apparent\u00e9es aux Hommes, caract\u00e9ris\u00e9es par leur petite taille. Tolkien d\u00e9crira par la suite les villages de la Comt\u00e9 comme ressemblant \u00e0 ceux du \u00ab Warwickshire \u00e0 la fin du xix<sup>e<\/sup> si\u00e8cle\u202f\u00bb.<\/p>\n<\/div><\/div>\n\n\n\n<div style=\"height:53px\" aria-hidden=\"true\" class=\"wp-block-spacer\"><\/div>\n\n\n\n<figure class=\"wp-block-video\"><video controls src=\"http:\/\/amimuse.org\/wp-content\/uploads\/2021\/11\/Comte.mp4\"><\/video><figcaption>La vid\u00e9o <strong><em>Comt\u00e9.mp4<\/em><\/strong> (2\u201931) vous montre les paysages construit pour le pays des Hobbit, dans le film <em>Le Seigneur des anneaux<\/em>, avec la musique de Howard Shore. <br><\/figcaption><\/figure>\n\n\n\n<div style=\"height:50px\" aria-hidden=\"true\" class=\"wp-block-spacer\"><\/div>\n\n\n\n<figure class=\"wp-block-audio\"><audio controls src=\"http:\/\/amimuse.org\/wp-content\/uploads\/2021\/11\/Comte-Seigneur-des-anneaux.mp3\"><\/audio><figcaption>La Comt\u00e9 (Le Seigneur des anneaux) de Howard Shore<\/figcaption><\/figure>\n\n\n\n<p><\/p>\n","protected":false},"excerpt":{"rendered":"<p>Cliquez sur la page choisie : Fl\u00fbte \u2022 Clarinette \u2022 Cor \u2022 Basson 01-Vent de folie \u2022 02-Fibich \u2022 03-Remando \u2022 04-R\u00eaverie05-Quintette de Taffanel \u2022 06-La Comt\u00e907-Concerto pour cor \u2022 08-Le Mal du pays \u2022 09-Le joueur de vielle10-Valse de mariage \u2022 11-GrandfatherEnsemble Les Quatre Vents Le Seigneur des anneaux, [&hellip;]<\/p>\n","protected":false},"author":1,"featured_media":929,"parent":0,"menu_order":0,"comment_status":"closed","ping_status":"closed","template":"","meta":[],"_links":{"self":[{"href":"http:\/\/amimuse.org\/index.php?rest_route=\/wp\/v2\/pages\/1058"}],"collection":[{"href":"http:\/\/amimuse.org\/index.php?rest_route=\/wp\/v2\/pages"}],"about":[{"href":"http:\/\/amimuse.org\/index.php?rest_route=\/wp\/v2\/types\/page"}],"author":[{"embeddable":true,"href":"http:\/\/amimuse.org\/index.php?rest_route=\/wp\/v2\/users\/1"}],"replies":[{"embeddable":true,"href":"http:\/\/amimuse.org\/index.php?rest_route=%2Fwp%2Fv2%2Fcomments&post=1058"}],"version-history":[{"count":5,"href":"http:\/\/amimuse.org\/index.php?rest_route=\/wp\/v2\/pages\/1058\/revisions"}],"predecessor-version":[{"id":1202,"href":"http:\/\/amimuse.org\/index.php?rest_route=\/wp\/v2\/pages\/1058\/revisions\/1202"}],"wp:featuredmedia":[{"embeddable":true,"href":"http:\/\/amimuse.org\/index.php?rest_route=\/wp\/v2\/media\/929"}],"wp:attachment":[{"href":"http:\/\/amimuse.org\/index.php?rest_route=%2Fwp%2Fv2%2Fmedia&parent=1058"}],"curies":[{"name":"wp","href":"https:\/\/api.w.org\/{rel}","templated":true}]}}