{"id":1089,"date":"2021-11-04T18:50:11","date_gmt":"2021-11-04T17:50:11","guid":{"rendered":"http:\/\/amimuse.org\/?page_id=1089"},"modified":"2021-11-08T09:16:35","modified_gmt":"2021-11-08T08:16:35","slug":"wedding-waltz","status":"publish","type":"page","link":"http:\/\/amimuse.org\/?page_id=1089","title":{"rendered":"WEDDING WALTZ"},"content":{"rendered":"\n<p class=\"has-text-align-center\">Cliquez sur la page choisie :<\/p>\n\n\n\n<p class=\"has-text-align-center has-header-gradient-color has-text-color\"><strong><a href=\"http:\/\/amimuse.org\/?page_id=989\">Fl\u00fbte<\/a> \u2022 <a href=\"http:\/\/amimuse.org\/?page_id=993\">Clarinette<\/a> \u2022 <a href=\"http:\/\/amimuse.org\/?page_id=1013\">Cor<\/a> \u2022 <a href=\"http:\/\/amimuse.org\/?page_id=1017\">Basson<\/a><\/strong><\/p>\n\n\n\n<p class=\"has-text-align-center has-medium-font-size\"><a href=\"http:\/\/amimuse.org\/?page_id=989\"><strong><a href=\"http:\/\/amimuse.org\/?page_id=1030\">01-Vent de folie<\/a> \u2022 <a href=\"http:\/\/amimuse.org\/?page_id=1033\">02-Fibich<\/a> \u2022 <a href=\"http:\/\/amimuse.org\/?page_id=1041\">03-Remando<\/a> \u2022 <a href=\"http:\/\/amimuse.org\/?page_id=1045\">04-R\u00eaverie<\/a><br><a href=\"http:\/\/amimuse.org\/?page_id=1052\">05-Quintette de Taffanel<\/a> \u2022 <a href=\"http:\/\/amimuse.org\/?page_id=1058\">06-La Comt\u00e9<\/a><br><a href=\"http:\/\/amimuse.org\/?page_id=1064\">07-Concerto pour cor<\/a> \u2022 <a href=\"http:\/\/amimuse.org\/?page_id=1073\">08-Le Mal du pays<\/a> \u2022 <a href=\"http:\/\/amimuse.org\/?page_id=1079\">09-Le joueur de vielle<\/a><br><a href=\"http:\/\/amimuse.org\/?page_id=1089\">10-Valse de mariage<\/a> \u2022 <a href=\"http:\/\/amimuse.org\/?page_id=1106\">11-Grandfather<\/a><\/strong><br><a href=\"http:\/\/amimuse.org\/?page_id=1177\">Ensemble Les Quatre Vents<\/a><\/a><\/p>\n\n\n\n<div style=\"height:100px\" aria-hidden=\"true\" class=\"wp-block-spacer\"><\/div>\n\n\n\n<p class=\"has-text-align-center has-accent-color has-text-color\" style=\"font-size:40px\"><strong><em>Valse de mariage (Wedding waltz)<\/em><\/strong><br>de <strong>Jerry Sperling (1929)<\/strong><\/p>\n\n\n\n<div style=\"height:37px\" aria-hidden=\"true\" class=\"wp-block-spacer\"><\/div>\n\n\n\n<p>Jerry Sperling est un chanteur et guitariste yiddish new-yorkais. Il a \u00e9crit de tr\u00e8s belles m\u00e9lodies, dont cette valse de mariage.<\/p>\n\n\n\n<div style=\"height:37px\" aria-hidden=\"true\" class=\"wp-block-spacer\"><\/div>\n\n\n\n<figure class=\"wp-block-video\"><video controls poster=\"http:\/\/amimuse.org\/wp-content\/uploads\/2021\/11\/Weeding-image-4-vents-600.jpg\" src=\"http:\/\/amimuse.org\/wp-content\/uploads\/2021\/11\/Wedding-waltz-1b.mp4\"><\/video><figcaption>La vid\u00e9o d\u2019une premi\u00e8re version de la valse par l\u2019ensemble <em>Les Quatre Vents<\/em>.<\/figcaption><\/figure>\n\n\n\n<div style=\"height:32px\" aria-hidden=\"true\" class=\"wp-block-spacer\"><\/div>\n\n\n\n<figure class=\"wp-block-audio\"><audio controls src=\"http:\/\/amimuse.org\/wp-content\/uploads\/2021\/11\/Wedding-waltz-1.mp3\"><\/audio><figcaption>La valse par l\u2019ensemble <em>Les Quatre Vents<\/em>.<\/figcaption><\/figure>\n\n\n\n<div style=\"height:100px\" aria-hidden=\"true\" class=\"wp-block-spacer\"><\/div>\n\n\n\n<figure class=\"wp-block-video\"><video controls poster=\"http:\/\/amimuse.org\/wp-content\/uploads\/2021\/11\/Weeding-image-trio-600.jpg\" src=\"http:\/\/amimuse.org\/wp-content\/uploads\/2021\/11\/Wedding-waltz-2b.mp4\"><\/video><figcaption>La vid\u00e9o d\u2019une deuxi\u00e8me version de la valse par un trio violon-clarinette-piano.<\/figcaption><\/figure>\n\n\n\n<div style=\"height:39px\" aria-hidden=\"true\" class=\"wp-block-spacer\"><\/div>\n\n\n\n<figure class=\"wp-block-audio\"><audio controls src=\"http:\/\/amimuse.org\/wp-content\/uploads\/2021\/11\/Wedding-waltz-2.mp3\"><\/audio><figcaption>La valse par un trio violon-clarinette-piano.<\/figcaption><\/figure>\n\n\n\n<p><\/p>\n","protected":false},"excerpt":{"rendered":"<p>Cliquez sur la page choisie : Fl\u00fbte \u2022 Clarinette \u2022 Cor \u2022 Basson 01-Vent de folie \u2022 02-Fibich \u2022 03-Remando \u2022 04-R\u00eaverie05-Quintette de Taffanel \u2022 06-La Comt\u00e907-Concerto pour cor \u2022 08-Le Mal du pays \u2022 09-Le joueur de vielle10-Valse de mariage \u2022 11-GrandfatherEnsemble Les Quatre Vents Valse de mariage (Wedding [&hellip;]<\/p>\n","protected":false},"author":1,"featured_media":929,"parent":0,"menu_order":0,"comment_status":"closed","ping_status":"closed","template":"","meta":[],"_links":{"self":[{"href":"http:\/\/amimuse.org\/index.php?rest_route=\/wp\/v2\/pages\/1089"}],"collection":[{"href":"http:\/\/amimuse.org\/index.php?rest_route=\/wp\/v2\/pages"}],"about":[{"href":"http:\/\/amimuse.org\/index.php?rest_route=\/wp\/v2\/types\/page"}],"author":[{"embeddable":true,"href":"http:\/\/amimuse.org\/index.php?rest_route=\/wp\/v2\/users\/1"}],"replies":[{"embeddable":true,"href":"http:\/\/amimuse.org\/index.php?rest_route=%2Fwp%2Fv2%2Fcomments&post=1089"}],"version-history":[{"count":5,"href":"http:\/\/amimuse.org\/index.php?rest_route=\/wp\/v2\/pages\/1089\/revisions"}],"predecessor-version":[{"id":1221,"href":"http:\/\/amimuse.org\/index.php?rest_route=\/wp\/v2\/pages\/1089\/revisions\/1221"}],"wp:featuredmedia":[{"embeddable":true,"href":"http:\/\/amimuse.org\/index.php?rest_route=\/wp\/v2\/media\/929"}],"wp:attachment":[{"href":"http:\/\/amimuse.org\/index.php?rest_route=%2Fwp%2Fv2%2Fmedia&parent=1089"}],"curies":[{"name":"wp","href":"https:\/\/api.w.org\/{rel}","templated":true}]}}