{"id":1106,"date":"2021-11-04T18:57:01","date_gmt":"2021-11-04T17:57:01","guid":{"rendered":"http:\/\/amimuse.org\/?page_id=1106"},"modified":"2021-11-05T14:23:23","modified_gmt":"2021-11-05T13:23:23","slug":"grandfather","status":"publish","type":"page","link":"http:\/\/amimuse.org\/?page_id=1106","title":{"rendered":"GRANDFATHER"},"content":{"rendered":"\n<p class=\"has-text-align-center\">Cliquez sur la page choisie :<\/p>\n\n\n\n<p class=\"has-text-align-center has-header-gradient-color has-text-color\"><strong><a href=\"http:\/\/amimuse.org\/?page_id=989\">Fl\u00fbte<\/a> \u2022 <a href=\"http:\/\/amimuse.org\/?page_id=993\">Clarinette<\/a> \u2022 <a href=\"http:\/\/amimuse.org\/?page_id=1013\">Cor<\/a> \u2022 <a href=\"http:\/\/amimuse.org\/?page_id=1017\">Basson<\/a><\/strong><\/p>\n\n\n\n<p class=\"has-text-align-center has-medium-font-size\"><a href=\"http:\/\/amimuse.org\/?page_id=989\"><strong><a href=\"http:\/\/amimuse.org\/?page_id=1030\">01-Vent de folie<\/a> \u2022 <a href=\"http:\/\/amimuse.org\/?page_id=1033\">02-Fibich<\/a> \u2022 <a href=\"http:\/\/amimuse.org\/?page_id=1041\">03-Remando<\/a> \u2022 <a href=\"http:\/\/amimuse.org\/?page_id=1045\">04-R\u00eaverie<\/a><br><a href=\"http:\/\/amimuse.org\/?page_id=1052\">05-Quintette de Taffanel<\/a> \u2022 <a href=\"http:\/\/amimuse.org\/?page_id=1058\">06-La Comt\u00e9<\/a><br><a href=\"http:\/\/amimuse.org\/?page_id=1064\">07-Concerto pour cor<\/a> \u2022 <a href=\"http:\/\/amimuse.org\/?page_id=1073\">08-Le Mal du pays<\/a> \u2022 <a href=\"http:\/\/amimuse.org\/?page_id=1079\">09-Le joueur de vielle<\/a><br><a href=\"http:\/\/amimuse.org\/?page_id=1089\">10-Valse de mariage<\/a> \u2022 <a href=\"http:\/\/amimuse.org\/?page_id=1106\">11-Grandfather<\/a><\/strong><br><a href=\"http:\/\/amimuse.org\/?page_id=1177\">Ensemble Les Quatre Vents<\/a><\/a><\/p>\n\n\n\n<div style=\"height:100px\" aria-hidden=\"true\" class=\"wp-block-spacer\"><\/div>\n\n\n\n<p class=\"has-text-align-center has-accent-color has-text-color\" style=\"font-size:40px\"><strong><em>\u00c0 la table de Grand-P\u00e8re<\/em><\/strong><br><strong>Traditionnel klezmer<\/strong><\/p>\n\n\n\n<div style=\"height:53px\" aria-hidden=\"true\" class=\"wp-block-spacer\"><\/div>\n\n\n\n<p>La musique klezmer&nbsp; est une tradition musicale instrumentale des Juifs d\u2019Europe centrale. Klezmer vient de <em>kle<\/em> (instrument de musique) et de <em>zemer<\/em> (m\u00e9lodie). Les musiciens, les <em>klezmorim<\/em>, \u00e9taient itin\u00e9rants et allaient de ville en ville jouer pour les f\u00eates, les mariages. Ils jouaient des musiques des pays d\u2019o\u00f9 ils venaient : Bulgarie, Turquie, Roumanie, Russie, etc. La musique juive, appel\u00e9e <em>yiddish<\/em>, est tr\u00e8s li\u00e9e \u00e0 la musique klezmer. De nombreux juifs d\u2019Europe centrale ont emmigr\u00e9 aux USA au d\u00e9but du xx<sup>e<\/sup> si\u00e8cle et ont emport\u00e9 avec eux leurs musiques, qui se sont adapt\u00e9es \u00e0 la culture am\u00e9ricaine. Comme la musique celte, la musique klezmer englobe maintenant de nombreuses esth\u00e9tiques : musique religieuse, traditionnelle, classique, jazz, rock, \u00e9lectro, hip-hop et m\u00eame cumbia\u2026<\/p>\n\n\n\n<p>La musique klezmer \u00e9tait \u00e0 l\u2019origine utilis\u00e9e pour animer les danses. Chaque pi\u00e8ce pouvait durer tr\u00e8s longtemps, et devait pouvoir se terminer tr\u00e8s vite, en fonction des besoins de la f\u00eate. Dans la pi\u00e8ce qui est jou\u00e9e, on pourrait imaginer le grand-p\u00e8re qui commence \u00e0 danser et s\u2019anime de plus en plus vite, encourag\u00e9 par les jeunes filles autour de lui. Mais soudain, la grand-m\u00e8re entre dans la pi\u00e8ce et le grand-p\u00e8re et la danse s\u2019arr\u00eatent\u2026&nbsp; Le basson introduit la pi\u00e8ce, marquant les pas du grand-p\u00e8re fatigu\u00e9. Puis la clarinette va virevolter de plus en plus vite jusqu\u2019\u00e0 la fin soudaine.<\/p>\n\n\n\n<div style=\"height:44px\" aria-hidden=\"true\" class=\"wp-block-spacer\"><\/div>\n\n\n\n<figure class=\"wp-block-video\"><video controls src=\"http:\/\/amimuse.org\/wp-content\/uploads\/2021\/11\/Grandfather.mp4\"><\/video><figcaption>La vid\u00e9o de la pi\u00e8ce interpr\u00e9t\u00e9e en concert par l\u2019ensemble <em>Les Quatre Vents<\/em> (qui comprenait ce jour-l\u00e0\u2009: 3 clarinettes, un basson, 2 cors et une contrebasse).<\/figcaption><\/figure>\n\n\n\n<div style=\"height:28px\" aria-hidden=\"true\" class=\"wp-block-spacer\"><\/div>\n\n\n\n<figure class=\"wp-block-video\"><video controls src=\"http:\/\/amimuse.org\/wp-content\/uploads\/2021\/11\/Grandfather-2.mp4\"><\/video><figcaption>La vid\u00e9o de la pi\u00e8ce interpr\u00e9t\u00e9e en concert par l\u2019ensemble <em>Diverssimento<\/em> (qui comprenait ce jour-l\u00e0\u2009: clarinette, basson, cor, guitare, piano et deux violoncelles).<\/figcaption><\/figure>\n\n\n\n<div style=\"height:38px\" aria-hidden=\"true\" class=\"wp-block-spacer\"><\/div>\n\n\n\n<figure class=\"wp-block-audio\"><audio controls src=\"http:\/\/amimuse.org\/wp-content\/uploads\/2021\/11\/Grandfather-2.mp3\"><\/audio><figcaption>La pi\u00e8ce interpr\u00e9t\u00e9e en concert par l\u2019ensemble <em>Diverssimento<\/em>.<\/figcaption><\/figure>\n\n\n\n<p><\/p>\n","protected":false},"excerpt":{"rendered":"<p>Cliquez sur la page choisie : Fl\u00fbte \u2022 Clarinette \u2022 Cor \u2022 Basson 01-Vent de folie \u2022 02-Fibich \u2022 03-Remando \u2022 04-R\u00eaverie05-Quintette de Taffanel \u2022 06-La Comt\u00e907-Concerto pour cor \u2022 08-Le Mal du pays \u2022 09-Le joueur de vielle10-Valse de mariage \u2022 11-GrandfatherEnsemble Les Quatre Vents \u00c0 la table de [&hellip;]<\/p>\n","protected":false},"author":1,"featured_media":929,"parent":0,"menu_order":0,"comment_status":"closed","ping_status":"closed","template":"","meta":[],"_links":{"self":[{"href":"http:\/\/amimuse.org\/index.php?rest_route=\/wp\/v2\/pages\/1106"}],"collection":[{"href":"http:\/\/amimuse.org\/index.php?rest_route=\/wp\/v2\/pages"}],"about":[{"href":"http:\/\/amimuse.org\/index.php?rest_route=\/wp\/v2\/types\/page"}],"author":[{"embeddable":true,"href":"http:\/\/amimuse.org\/index.php?rest_route=\/wp\/v2\/users\/1"}],"replies":[{"embeddable":true,"href":"http:\/\/amimuse.org\/index.php?rest_route=%2Fwp%2Fv2%2Fcomments&post=1106"}],"version-history":[{"count":5,"href":"http:\/\/amimuse.org\/index.php?rest_route=\/wp\/v2\/pages\/1106\/revisions"}],"predecessor-version":[{"id":1207,"href":"http:\/\/amimuse.org\/index.php?rest_route=\/wp\/v2\/pages\/1106\/revisions\/1207"}],"wp:featuredmedia":[{"embeddable":true,"href":"http:\/\/amimuse.org\/index.php?rest_route=\/wp\/v2\/media\/929"}],"wp:attachment":[{"href":"http:\/\/amimuse.org\/index.php?rest_route=%2Fwp%2Fv2%2Fmedia&parent=1106"}],"curies":[{"name":"wp","href":"https:\/\/api.w.org\/{rel}","templated":true}]}}