{"id":343,"date":"2019-08-30T14:32:30","date_gmt":"2019-08-30T12:32:30","guid":{"rendered":"http:\/\/amimuse.org\/?page_id=343"},"modified":"2019-08-30T14:57:30","modified_gmt":"2019-08-30T12:57:30","slug":"bandes-originales","status":"publish","type":"page","link":"http:\/\/amimuse.org\/?page_id=343","title":{"rendered":"Trio V. Courtois"},"content":{"rendered":"\n<p style=\"text-align:center\" class=\"has-medium-font-size\"><strong>Trio Vincent Courtois, Daniel Erdmann, Robin Fincker<\/strong><\/p>\n\n\n\n<p style=\"text-align:center\">Violoncelle, sax t\u00e9nor, clarinette<br> samedi 5 octobre 2019, 20h30 \u00e0 Ty Skol (Saint-Hernot)<br> Atlantique Jazz Festival 2019<\/p>\n\n\n\n<div class=\"wp-block-image\"><figure class=\"aligncenter\"><img loading=\"lazy\" width=\"700\" height=\"524\" src=\"http:\/\/amimuse.org\/wp-content\/uploads\/2019\/08\/Courtois-Erdmann-Fincker-credit-Tina-Merandon-BD.jpg\" alt=\"\" class=\"wp-image-312\" srcset=\"http:\/\/amimuse.org\/wp-content\/uploads\/2019\/08\/Courtois-Erdmann-Fincker-credit-Tina-Merandon-BD.jpg 700w, http:\/\/amimuse.org\/wp-content\/uploads\/2019\/08\/Courtois-Erdmann-Fincker-credit-Tina-Merandon-BD-300x225.jpg 300w\" sizes=\"(max-width: 700px) 100vw, 700px\" \/><\/figure><\/div>\n\n\n\n<p>Bandes Originales revisitera les musiques de dix films, qui malgr\u00e9 leurs \u00e9videntes diff\u00e9rences, pr\u00e9sentent le point commun d\u2019avoir tous \u00e9t\u00e9 servis par le talent de compositeurs, capables par des m\u00e9lodies simples mais charg\u00e9es d\u2019un fort pouvoir narratif, de ne jamais quitter l\u2019image, la lumi\u00e8re, le sc\u00e9nario, les acteurs. Dans l\u2019\u00e9criture et l\u2019interpr\u00e9tation, aussi libre soit-elle, de ce nouveau r\u00e9pertoire, nous nous attacherons \u00e0 ne jamais quitter le sens profond et avant tout po\u00e9tique du film concern\u00e9. Il nous faudra donc trouver l\u2019indispensable juste \u00e9quilibre entre \u00e9vocation et relecture, respect de l\u2019\u0153uvre et invention d\u00e9brid\u00e9e, pour finalement partager et faire revivre certaines des plus belles pages musicales, parfois oubli\u00e9es, que le cin\u00e9ma ait su provoquer. \u00bb (Vincent Courtois)<\/p>\n\n\n\n<p style=\"text-align:center\">Master-class \u00e0 l&rsquo;\u00e9cole de musique le samedi apr\u00e8s-midi<br>Tarifs : 5-10 \u20ac gratuit eleves de de l&rsquo;\u00e9cole de musique et moins de 16 ans<br> Organisation : <br>Les Amis de la Musique www.amimuse.org (licence 3-1042182), Penn ar Jazz. <br> Contact : contact@amimuse.fr &#8211; 06 08 15 22 09 &#8211; Master-class : 02 98 17 04 86<br> R\u00e9servation : Librairie Le Parchemin une semaine avant le concert.<\/p>\n\n\n\n<p style=\"text-align:center\" class=\"has-medium-font-size\"><strong>Vincent Courtois<\/strong><\/p>\n\n\n\n<div class=\"wp-block-image\"><figure class=\"aligncenter\"><img loading=\"lazy\" width=\"603\" height=\"402\" src=\"http:\/\/amimuse.org\/wp-content\/uploads\/2019\/08\/vincent-courtois-2.jpg\" alt=\"\" class=\"wp-image-344\" srcset=\"http:\/\/amimuse.org\/wp-content\/uploads\/2019\/08\/vincent-courtois-2.jpg 603w, http:\/\/amimuse.org\/wp-content\/uploads\/2019\/08\/vincent-courtois-2-300x200.jpg 300w, http:\/\/amimuse.org\/wp-content\/uploads\/2019\/08\/vincent-courtois-2-360x240.jpg 360w\" sizes=\"(max-width: 603px) 100vw, 603px\" \/><\/figure><\/div>\n\n\n\n<p>Depuis plus de vingt ans,  Vincent Courtois, musicien prolifique, parcourt le monde  <br>et les projets, s&rsquo;imposant comme  un violoncelliste virtuose, incontournable improvisateur  et cr\u00e9ateur de la sc\u00e8ne musicale actuelle. Il est un compositeur inspir\u00e9 connu pour son sens de la m\u00e9lodie mis  au service de projets originaux et exigeants . <\/p>\n\n\n\n<p>Vincent Courtois est n\u00e9 \u00e0 Paris le 21 mars 1968. \u00c0 six ans, il commence le violoncelle dans la classe d\u2019Erwan Faur\u00e9 au CNR d\u2019Aubervilliers o\u00f9 il obtiendra un premier prix de violoncelle et de musique de chambre. Il \u00e9tudie par la suite avec Roland Pidoux, Fr\u00e9derick Lod\u00e9on et remporte en 1987 le dipl\u00f4me sup\u00e9rieur d\u2019ex\u00e9cution de  l\u2019Ecole Normale de Paris. Parall\u00e8lement \u00e0 ses \u00e9tudes \u201cclassiques\u201d, Vincent Courtois d\u00e9couvre le jazz et l\u2019improvisation avec Jean-Charles Capon et Dominique Pifar\u00e9ly.  En 1988, il fait ses premiers concerts au sein de l\u2019octet de Christian Escoud\u00e9 (Gipsy Waltz ) puis rejoint le \u201cSwing String System\u201d de Didier Levallet. C\u2019est \u00e0 cette \u00e9poque qu\u2019il forme son <br>premier quartet avec lequel il enregistre deux disques  Cello News et Pleine Lune. De nombreux musiciens commencent \u00e0 faire appel \u00e0 lui, notamment Martial Solal, qui l\u2019invite \u00e0 jouer en duo. En 1993, il forme le \u201cPendulum Quartet\u201d avec, entre autres, Julien Lourau (Pendulum &#8211; Acousti). Il cr\u00e9e \u00e9galement le groupe \u201cTukish Blend\u201d et le trio \u201cZebra 3\u201d avec Franck Tortillier et Xavier Desandre. Un an plus tard, Michel Petrucciani le sollicite pour former un quatuor \u00e0 cordes pour le disque Marvellous avec Tony Williams et Dave Holland pour Dreyfus Jazz. Il rejoint \u00e9galement le \u201cquartet Op\u00e9ra\u201d de G\u00e9rard Marais.  \u00c0 cette \u00e9poque, Vincent Courtois travaille aussi dans la vari\u00e9t\u00e9, notamment sur le disque Acoustique des Rita Mitsouko et une tourn\u00e9e des Rita Mitsouko (Acoustique &#8211; Virgin).  En 1995, il donne ses premiers concerts solo, joue dans le septet de Fran\u00e7ois Corneloup et rencontre Louis Sclavis pour des musiques de film et de th\u00e9\u00e2tre (Danses et autres sc\u00e8nes &#8211; et \u00e7a commence aujourd\u2019hui de Bertrand Tavernier). Il rejoint l\u2019ONJ de Didier Levallet (ONJ Express ) et le quintet de Rabih Abou Khalil avec qui il enregistre deux disques : Yara et Cactus of Knowledge pour Enja Records.   <br> En 1998, il joue dans l\u2019orchestre de Pierre Favre et dans le trio d\u2019Yves Robert (In Touch &#8211; ECM).   En 2000, il cr\u00e9e trois trios et un quintet au festival de Coutances avec Pierre Favre, No\u00ebl Akchoct\u00e9, Lucilla Galeazzi, Michel Godard, Marc Ducret, Dominique Pifarely, Cyril Atef, John Greaves et   Nicolas Mizrachi. Il sort le disque Translucide et l\u2019ann\u00e9e suivante The Fitting Room avec Marc Ducret et Dominique Pifar\u00e9ly pour Enja Records. En 2002, il participe au quartet \u201cNapoli\u2019s Walls\u201d de Louis Sclavis et cr\u00e9e au festival Banlieues Bleues le trio \u201cSix Windows\u201d avec Ellery Eskelin et Sylvie Courvoisier.  Il se produit \u00e9galement dans l\u2019orchestre de Joachim Kuhn avec Michel Portal.    <br>En 2003, il enregistre The Trouble With Happiness avec John Greaves et Sophia Domancich.  En 2004, il enregistre Les Contes de Rose Manivelle (Le Triton) avec Z\u00e9 Jam, Louis Sclavis,  Francis Le Bras, Fran\u00e7ois Choiselat, Olivier Sens et Guillaume Dommartin et cr\u00e9\u00e9 le Trio What do you mean by silence avec Fran\u00e7ois Merville et le jeune saxophoniste alto Marc Baron que rejoint la chanteuse violoncelliste Jeanne Added. En 2006 il enregistre le premier album du d\u00e9sormais quartet What do you mean by silence ?. En mai 2008, il enregistre L\u2019homme avion avec Ze Jam Afane.  En 2010, il est \u00e0 l\u2019origine de la  formation  WAT avec Maxime Delpierre, Matthieu J\u00e9r\u00f4me, Olivier L\u00e9t\u00e9 et David Aknin. En 2011, il enregistre le deuxi\u00e8me album du quartet What do you mean by silence ? (Yves Robert remplace Marc Baron), et cr\u00e9e un nouveau trio avec Robin Fincker et Daniel Erdman The Mediums. Il d\u00e9cide de cr\u00e9er la Compagnie de l\u2019Impr\u00e9vu pour mener \u00e0 bien l\u2019ensemble de ses projets. <\/p>\n\n\n\n<p>L\u2019ann\u00e9e 2012 verra la sortie de Mediums (Studio La Buissonne) et la cr\u00e9ation du dernier volet de La Trilogie des M\u00e9caniques Frivoles commenc\u00e9e en 2004 avec les Contes de Rose Manivelle : Le Roi P\u00eacheur.  Il compose \u00e9galement la musique du film  d\u2019animation Ernest et C\u00e9lestine, d\u2019apr\u00e8s un sc\u00e9nario de Daniel Pennac s\u00e9lectionn\u00e9 \u00e0 la Quinzaine des R\u00e9alisateurs du Festival de Cannes et sorti sur les \u00e9crans le 12\/12\/2012. <br>En 2013, il compose pour le th\u00e9\u00e2tre et interpr\u00e8te sur sc\u00e8ne la musique originale de la pi\u00e8ce \u00ab\u00a0Un homme qui dort\u00a0\u00bb, d\u2019apr\u00e8s l\u2019\u0153uvre de Georges Perec, mise en sc\u00e8ne Bruno Geslin. En 2014, il cr\u00e9\u00e9 le spectacle \u00ab\u00a0L\u2019intuition\u00a0\u00bb, compositions originales sur les photos de Michael Ackerman en collaboration avec Christian Caujolle et le pr\u00e9sente lors des Rencontres Internationales de la Photographie d\u2019Arles. La m\u00eame ann\u00e9e il enregistre \u00ab\u00a0Live at Kesselhaus Berlin \u00a0\u00bb avec la contrebassiste Jo\u00eblle L\u00e9andre. <br>Printemps 2015, il sort l\u2019album \u00ab\u00a0West\u00a0\u00bb, pierre angulaire de sa carri\u00e8re de compositeur, dans lequel il rassemble ses derni\u00e8res compositions n\u00e9es pour la plupart de ses rencontres et collaborations avec des artistes majeurs des dix derni\u00e8res ann\u00e9es.<br>L&rsquo;ann\u00e9e suivante il orchestre un ambitieux projet \u00ab\u00a0Les D\u00e9mons de Tosca\u00a0\u00bb r\u00e9unissant une dizaine de musiciens, une r\u00e9alisatrice de documentaire sonore, un com\u00e9dien, un photographe, un metteur en sc\u00e8ne et un cr\u00e9ateur lumi\u00e8re. <br>En 2017, le trio Courtois\/Erdmann\/Fincker r\u00e9cidive en sortant un album inspir\u00e9 des musiques de films \u00ab\u00a0Bandes Originales\u00a0\u00bb et pr\u00e9pare un nouveau r\u00e9pertoire pour l&rsquo;ann\u00e9e 2018, inspir\u00e9 de l&rsquo;\u0153uvre de l&rsquo;\u00e9crivain Jack London \u00ab\u00a0Love of Life\u00a0\u00bb. <br>Le 28 mai 2018, il cr\u00e9\u00e9 Les D\u00e9mons de Tosca au Th\u00e9\u00e2tre de N\u00eemes, aboutissement de trois ans de travail et de recherche mobilisant une quinzaine d\u2019artistes, musiciens, cr\u00e9ateur lumi\u00e8re, metteur en sc\u00e8ne, photographe, ing\u00e9nieur du son, r\u00e9alisatrice etc.   <br> Il poursuit en juin et juillet avec l\u2019Atelier du Plateau \u00e0 Paris qui l\u2019invite \u00e0 concocter la programmation du festival \u00ab La F\u00e9ria \u00bb, dix soir\u00e9es qu\u2019il consacre  \u00e0 un th\u00e8me qui l\u2019accompagne depuis ses d\u00e9buts : la mer.  <br>En octobre \u2013 novembre 2018, il part pour une tourn\u00e9e de 22 dates avec le Trio Love of Life en Estonie, Lituanie, Finlande et Lettonie en partenariat avec Charles Gil et son agence de d\u00e9veloppement et  coop\u00e9ration finlandaise Vapaat \u00e4\u00e4net avec qui il collabore r\u00e9guli\u00e8rement depuis une dizaine d\u2019ann\u00e9es. <\/p>\n\n\n\n<p style=\"text-align:center\" class=\"has-medium-font-size\"><strong>Discographie<\/strong><\/p>\n\n\n\n<p>1990 &#8211; Cello News avec Pierre Christophe, Beno\u00eet Dunoyer, Serge Gacon<br>1991 &#8211; Pleine Lune avec Pierre Christophe, Xavier Desandre, Beno\u00eet Dunoyer, Dominique Pifar\u00e9ly, Serge Gacon, Julien Lourau<br>1993 &#8211; Turkish Blend avec Gilles Andrieux, Beno\u00eet Dunoyer, Kakoli, Nicolas Krassik, Julien Lourau, Youval Micenmacher, Bojan Z<br>1994 &#8211; Pendulum Quartet avec Julien Lourau, Beno\u00eet Dunoyer, Daniel Garcia Bruno<br>2000 &#8211; Translucide avec No\u00ebl Akchot\u00e9, Michel Godard, Yves Robert<br>2002 &#8211; The Fitting Room avec Marc Ducret et Dominique Pifar\u00e9ly<br>2003 &#8211; Trio Rouge avec Lucilla Galeazzi et Michel Godard<br>2004 &#8211; Les Contes de Rose Manivelle, avec Ze Jam<br>2006 &#8211; What do you mean by silence avec Marc Baron, F. Merville, Jeanne Added<br>2008 \u2013 Ma vie n\u2019est pas une com\u00e9die romantique<br>2008 &#8211; L&rsquo;Homme Avion, avec Ze Jam<br>2009 \u2013 ASAP avec Ellery Eskelin et Sylvie Courvoisier<br>2010 &#8211; L&rsquo;impr\u00e9vu, disque solo<br>2011 \u2013 Amarco, Trio Claude Tchamitchian<br>2011 &#8211; Live in Berlin Quartet avec Jeanne Added, Fran\u00e7ois Merville et Yves Robert<br>2012 \u2013 Mediums avec Robin Fincker et Daniel Erdmann.<br>2014 \u2013 Live at Kesselhaus Berlin avec Jo\u00eblle L\u00e9andre<br>2015 \u2013 West avec Robin Fincker, Daniel Erdmann et Benjamin Moussay<br>2017 \u2013 Bandes Originales avec Robin Fincker et Daniel Erdmann<\/p>\n","protected":false},"excerpt":{"rendered":"<p>Trio Vincent Courtois, Daniel Erdmann, Robin Fincker Violoncelle, sax t\u00e9nor, clarinette samedi 5 octobre 2019, 20h30 \u00e0 Ty Skol (Saint-Hernot) Atlantique Jazz Festival 2019 Bandes Originales revisitera les musiques de dix films, qui malgr\u00e9 leurs \u00e9videntes diff\u00e9rences, pr\u00e9sentent le point commun d\u2019avoir tous \u00e9t\u00e9 servis par le talent de compositeurs, [&hellip;]<\/p>\n","protected":false},"author":1,"featured_media":358,"parent":0,"menu_order":0,"comment_status":"closed","ping_status":"closed","template":"","meta":[],"_links":{"self":[{"href":"http:\/\/amimuse.org\/index.php?rest_route=\/wp\/v2\/pages\/343"}],"collection":[{"href":"http:\/\/amimuse.org\/index.php?rest_route=\/wp\/v2\/pages"}],"about":[{"href":"http:\/\/amimuse.org\/index.php?rest_route=\/wp\/v2\/types\/page"}],"author":[{"embeddable":true,"href":"http:\/\/amimuse.org\/index.php?rest_route=\/wp\/v2\/users\/1"}],"replies":[{"embeddable":true,"href":"http:\/\/amimuse.org\/index.php?rest_route=%2Fwp%2Fv2%2Fcomments&post=343"}],"version-history":[{"count":3,"href":"http:\/\/amimuse.org\/index.php?rest_route=\/wp\/v2\/pages\/343\/revisions"}],"predecessor-version":[{"id":369,"href":"http:\/\/amimuse.org\/index.php?rest_route=\/wp\/v2\/pages\/343\/revisions\/369"}],"wp:featuredmedia":[{"embeddable":true,"href":"http:\/\/amimuse.org\/index.php?rest_route=\/wp\/v2\/media\/358"}],"wp:attachment":[{"href":"http:\/\/amimuse.org\/index.php?rest_route=%2Fwp%2Fv2%2Fmedia&parent=343"}],"curies":[{"name":"wp","href":"https:\/\/api.w.org\/{rel}","templated":true}]}}