{"id":360,"date":"2019-08-30T14:49:49","date_gmt":"2019-08-30T12:49:49","guid":{"rendered":"http:\/\/amimuse.org\/?page_id=360"},"modified":"2019-11-20T10:07:46","modified_gmt":"2019-11-20T09:07:46","slug":"pierre-et-le-loup","status":"publish","type":"page","link":"http:\/\/amimuse.org\/?page_id=360","title":{"rendered":"Pierre et le loup"},"content":{"rendered":"\n<p style=\"text-align:center\"><strong> Orchestre de chambre de Brest<\/strong><br>Dimanche 8 d\u00e9cembre 2019, 16h30, \u00e9glise de Crozon<\/p>\n\n\n\n<p style=\"text-align:center\" class=\"has-large-font-size\"><strong>Programme sp\u00e9cial enfants !<\/strong><\/p>\n\n\n\n<p style=\"text-align:center\">Un conte musical : <em><strong>Le serpent blanc<\/strong><\/em><br>Une symphonie surprenante : <em><strong>La Surprise de Haydn<\/strong><\/em> (2e mouvement)<br>Une symphonie sur la nature : <em><strong>Pastorale de Beethoven<\/strong><\/em> (1er mouvement)<br>La cerise sur le gateau : <em><strong>Pierre et le loup<\/strong><\/em> de Prokofiev<\/p>\n\n\n\n<div class=\"wp-block-image\"><figure class=\"aligncenter\"><img loading=\"lazy\" width=\"500\" height=\"522\" src=\"http:\/\/amimuse.org\/wp-content\/uploads\/2019\/11\/Pierre-et-le-loup-image.jpg\" alt=\"\" class=\"wp-image-568\" srcset=\"http:\/\/amimuse.org\/wp-content\/uploads\/2019\/11\/Pierre-et-le-loup-image.jpg 500w, http:\/\/amimuse.org\/wp-content\/uploads\/2019\/11\/Pierre-et-le-loup-image-287x300.jpg 287w\" sizes=\"(max-width: 500px) 100vw, 500px\" \/><\/figure><\/div>\n\n\n\n<p>\u2013 En hors d&rsquo;\u0153uvre, un conte de Grimm mis en musique, <em>Le Serpent blanc<\/em>. <br>\u2013 En entremets, le deuxi\u00e8me mouvement de la Symphonie <em>La Surprise<\/em> de Haydn : une fa\u00e7on de r\u00e9veiller un public blas\u00e9 qui s&rsquo;endort peu \u00e0 peu ! Un th\u00e8me tellement simple qu&rsquo;on ne se lasse pas de fredonner&#8230;<br>\u2013 Et puis le premier mouvement de la VIe symphonie de Beethoven, <em>la Pastorale<\/em>. Un hymne \u00e0 la nature jamais \u00e9gal\u00e9 depuis.<br>\u2013 Et pour le dessert, une \u0153uvre mythique, un conte passionnant, une d\u00e9couverte de la musique et des instruments par un des plus grand compositeurs du XXe si\u00e8cle : Serge Prokoviev, qui voulait familiariser les plus jeunes aux instruments de l&rsquo;orchestre. On ne se lasse pas de r\u00e9\u00e9couter ces th\u00e8mes et cette histoire qui ravit petits et grands. <br>Dirig\u00e9 par Jean-Philippe Brun, l&rsquo;orchestre de chambre (23 musiciens) vous interpr\u00e8tera avec passion ces musiques.<\/p>\n\n\n\n<div class=\"wp-block-image\"><figure class=\"aligncenter\"><img loading=\"lazy\" width=\"700\" height=\"467\" src=\"http:\/\/amimuse.org\/wp-content\/uploads\/2019\/08\/Orchestre-de-chambre-St-Thois-10-juin-2018-12-Bleu-BD-1.jpg\" alt=\"\" class=\"wp-image-361\" srcset=\"http:\/\/amimuse.org\/wp-content\/uploads\/2019\/08\/Orchestre-de-chambre-St-Thois-10-juin-2018-12-Bleu-BD-1.jpg 700w, http:\/\/amimuse.org\/wp-content\/uploads\/2019\/08\/Orchestre-de-chambre-St-Thois-10-juin-2018-12-Bleu-BD-1-300x200.jpg 300w, http:\/\/amimuse.org\/wp-content\/uploads\/2019\/08\/Orchestre-de-chambre-St-Thois-10-juin-2018-12-Bleu-BD-1-360x240.jpg 360w\" sizes=\"(max-width: 700px) 100vw, 700px\" \/><\/figure><\/div>\n\n\n\n<p style=\"text-align:center\">Tarifs : 8-5 \u20ac, gratuit eleves de de l&rsquo;\u00e9cole de musique et moins de 16 ans<br> Organisation : Les Amis de la Musique www.amimuse.org (licence 3-1123217).<br> Contact : contact@amimuse.fr &#8211; 06 08 15 22 09 <br> R\u00e9servation : Librairie Le Parchemin une semaine avant le concert.<\/p>\n","protected":false},"excerpt":{"rendered":"<p>Orchestre de chambre de BrestDimanche 8 d\u00e9cembre 2019, 16h30, \u00e9glise de Crozon Programme sp\u00e9cial enfants ! Un conte musical : Le serpent blancUne symphonie surprenante : La Surprise de Haydn (2e mouvement)Une symphonie sur la nature : Pastorale de Beethoven (1er mouvement)La cerise sur le gateau : Pierre et le [&hellip;]<\/p>\n","protected":false},"author":1,"featured_media":362,"parent":0,"menu_order":0,"comment_status":"closed","ping_status":"closed","template":"","meta":[],"_links":{"self":[{"href":"http:\/\/amimuse.org\/index.php?rest_route=\/wp\/v2\/pages\/360"}],"collection":[{"href":"http:\/\/amimuse.org\/index.php?rest_route=\/wp\/v2\/pages"}],"about":[{"href":"http:\/\/amimuse.org\/index.php?rest_route=\/wp\/v2\/types\/page"}],"author":[{"embeddable":true,"href":"http:\/\/amimuse.org\/index.php?rest_route=\/wp\/v2\/users\/1"}],"replies":[{"embeddable":true,"href":"http:\/\/amimuse.org\/index.php?rest_route=%2Fwp%2Fv2%2Fcomments&post=360"}],"version-history":[{"count":3,"href":"http:\/\/amimuse.org\/index.php?rest_route=\/wp\/v2\/pages\/360\/revisions"}],"predecessor-version":[{"id":570,"href":"http:\/\/amimuse.org\/index.php?rest_route=\/wp\/v2\/pages\/360\/revisions\/570"}],"wp:featuredmedia":[{"embeddable":true,"href":"http:\/\/amimuse.org\/index.php?rest_route=\/wp\/v2\/media\/362"}],"wp:attachment":[{"href":"http:\/\/amimuse.org\/index.php?rest_route=%2Fwp%2Fv2%2Fmedia&parent=360"}],"curies":[{"name":"wp","href":"https:\/\/api.w.org\/{rel}","templated":true}]}}