{"id":374,"date":"2019-08-30T15:14:10","date_gmt":"2019-08-30T13:14:10","guid":{"rendered":"http:\/\/amimuse.org\/?page_id=374"},"modified":"2020-02-14T16:14:07","modified_gmt":"2020-02-14T15:14:07","slug":"babel-canto","status":"publish","type":"page","link":"http:\/\/amimuse.org\/?page_id=374","title":{"rendered":"Babel Canto"},"content":{"rendered":"\n<p style=\"text-align:center\"><strong>Polyphonies des cinq continents<\/strong><br>Dimanche 26 janvier 2020, 16 h \u00e0 l&rsquo;\u00e9glise de Crozon<\/p>\n\n\n\n<p>Babel Canto est un groupe vocal de douze chanteurs de la r\u00e9gion de Nantes qui propose un voyage musical \u00e0 travers l&rsquo;univers color\u00e9 des polyphonies vocales du monde, de Bretagne aux cinq continents.  Le choix de chanter en plusieurs langues, qui ont toutes une musicalit\u00e9 singuli\u00e8re, est comme une invitation au voyage. C\u2019est ainsi qu\u2019une m\u00e9lop\u00e9e d\u2019Am\u00e9rique du Sud r\u00e9pondra aux chants de r\u00e9volte du continent Nord-am\u00e9ricain, des chants africains feront \u00e9cho aux chants d\u2019Europe de l\u2019Est, des chants traditionnels de Chine donneront le change \u00e0 ceux du Japon, ou, plus pr\u00e8s de nous, une berceuse traditionnelle bretonne \u00e0 un chant basque contemporain.  Ces chants sont le creuset des cultures des peuples, reflet de leurs r\u00eaves, de leurs espoirs, de leur ferveur et de leur r\u00e9volte\u2026Toute une palette sonore de sentiments, d&rsquo;\u00e9motion qui font de ces chants notre patrimoine \u00e0 tous\u2026 La qualit\u00e9 d&rsquo;interpr\u00e9tation reconnue de Babel Canto a permis \u00e0 ce groupe vocal d&rsquo;\u00eatre invit\u00e9 plusieurs fois et notamment en mai 2015 en cl\u00f4ture de la quinzaine culturelle organis\u00e9e par le Centre Culturel Europ\u00e9en de Nantes\u2026<\/p>\n\n\n\n<div class=\"wp-block-image\"><figure class=\"aligncenter\"><img loading=\"lazy\" width=\"700\" height=\"420\" src=\"http:\/\/amimuse.org\/wp-content\/uploads\/2019\/08\/Babel-Canto-BD-1.jpg\" alt=\"\" class=\"wp-image-375\" srcset=\"http:\/\/amimuse.org\/wp-content\/uploads\/2019\/08\/Babel-Canto-BD-1.jpg 700w, http:\/\/amimuse.org\/wp-content\/uploads\/2019\/08\/Babel-Canto-BD-1-300x180.jpg 300w\" sizes=\"(max-width: 700px) 100vw, 700px\" \/><\/figure><\/div>\n\n\n\n<p style=\"text-align:center\">Tarifs : 8-5 \u20ac gratuit eleves de de l&rsquo;\u00e9cole de musique et moins de 16 ans<br> Organisation : Les Amis de la Musique www.amimuse.org (licence 3-1123217).<br> Contact : contact@amimuse.fr &#8211; 06 08 15 22 09 <br> R\u00e9servation : Librairie Le Parchemin une semaine avant le concert.<\/p>\n\n\n\n<p><\/p>\n\n\n\n<h2 style=\"text-align:center\">Photos du concert<\/h2>\n\n\n<div class=\"foogallery foogallery-container foogallery-default foogallery-lightbox-foobox fg-gutter-10 fg-center fg-default fg-light fg-border-thin fg-shadow-outline fg-loading-default fg-loaded-fade-in fg-caption-hover fg-hover-fade fg-hover-zoom\" id=\"foogallery-gallery-636\" data-foogallery=\"{&quot;item&quot;:{&quot;showCaptionTitle&quot;:true,&quot;showCaptionDescription&quot;:true},&quot;lazy&quot;:true,&quot;src&quot;:&quot;data-src-fg&quot;,&quot;srcset&quot;:&quot;data-srcset-fg&quot;}\" data-fg-common-fields=\"1\" >\r\n\t<div class=\"fg-item\"><figure class=\"fg-item-inner\"><a href=\"http:\/\/amimuse.org\/wp-content\/uploads\/2020\/02\/Amimuse-Babel-Canto-26jan20-10.jpg\" data-attachment-id=\"639\" class=\"fg-thumb\"><span class=\"fg-image-wrap\"><img width=\"150\" height=\"150\" data-src-fg=\"http:\/\/amimuse.org\/wp-content\/uploads\/cache\/2020\/02\/Amimuse-Babel-Canto-26jan20-10\/-650351018.jpg\" class=\"fg-image\" \/><\/span><\/a><figcaption class=\"fg-caption\"><div class=\"fg-caption-inner\"><\/div><\/figcaption><\/figure><div class=\"fg-loader\"><\/div><\/div><div class=\"fg-item\"><figure class=\"fg-item-inner\"><a href=\"http:\/\/amimuse.org\/wp-content\/uploads\/2020\/02\/Amimuse-Babel-Canto-26jan20-11.jpg\" data-attachment-id=\"640\" class=\"fg-thumb\"><span class=\"fg-image-wrap\"><img width=\"150\" height=\"150\" data-src-fg=\"http:\/\/amimuse.org\/wp-content\/uploads\/cache\/2020\/02\/Amimuse-Babel-Canto-26jan20-11\/1836096123.jpg\" class=\"fg-image\" \/><\/span><\/a><figcaption class=\"fg-caption\"><div class=\"fg-caption-inner\"><\/div><\/figcaption><\/figure><div class=\"fg-loader\"><\/div><\/div><div class=\"fg-item\"><figure class=\"fg-item-inner\"><a href=\"http:\/\/amimuse.org\/wp-content\/uploads\/2020\/02\/Amimuse-Babel-Canto-26jan20-13.jpg\" data-attachment-id=\"641\" class=\"fg-thumb\"><span class=\"fg-image-wrap\"><img width=\"150\" height=\"150\" data-src-fg=\"http:\/\/amimuse.org\/wp-content\/uploads\/cache\/2020\/02\/Amimuse-Babel-Canto-26jan20-13\/-1004712111.jpg\" class=\"fg-image\" \/><\/span><\/a><figcaption class=\"fg-caption\"><div class=\"fg-caption-inner\"><\/div><\/figcaption><\/figure><div class=\"fg-loader\"><\/div><\/div><div class=\"fg-item\"><figure class=\"fg-item-inner\"><a href=\"http:\/\/amimuse.org\/wp-content\/uploads\/2020\/02\/Amimuse-Babel-Canto-26jan20-15.jpg\" data-attachment-id=\"642\" class=\"fg-thumb\"><span class=\"fg-image-wrap\"><img width=\"150\" height=\"150\" data-src-fg=\"http:\/\/amimuse.org\/wp-content\/uploads\/cache\/2020\/02\/Amimuse-Babel-Canto-26jan20-15\/-455461266.jpg\" class=\"fg-image\" \/><\/span><\/a><figcaption class=\"fg-caption\"><div class=\"fg-caption-inner\"><\/div><\/figcaption><\/figure><div class=\"fg-loader\"><\/div><\/div><div class=\"fg-item\"><figure class=\"fg-item-inner\"><a href=\"http:\/\/amimuse.org\/wp-content\/uploads\/2020\/02\/Amimuse-Babel-Canto-26jan20-17.jpg\" data-attachment-id=\"643\" class=\"fg-thumb\"><span class=\"fg-image-wrap\"><img width=\"150\" height=\"150\" data-src-fg=\"http:\/\/amimuse.org\/wp-content\/uploads\/cache\/2020\/02\/Amimuse-Babel-Canto-26jan20-17\/1303896900.jpg\" class=\"fg-image\" \/><\/span><\/a><figcaption class=\"fg-caption\"><div class=\"fg-caption-inner\"><\/div><\/figcaption><\/figure><div class=\"fg-loader\"><\/div><\/div><div class=\"fg-item\"><figure class=\"fg-item-inner\"><a href=\"http:\/\/amimuse.org\/wp-content\/uploads\/2020\/02\/Amimuse-Babel-Canto-26jan20-20.jpg\" data-attachment-id=\"644\" class=\"fg-thumb\"><span class=\"fg-image-wrap\"><img width=\"150\" height=\"150\" data-src-fg=\"http:\/\/amimuse.org\/wp-content\/uploads\/cache\/2020\/02\/Amimuse-Babel-Canto-26jan20-20\/-2087263234.jpg\" class=\"fg-image\" \/><\/span><\/a><figcaption class=\"fg-caption\"><div class=\"fg-caption-inner\"><\/div><\/figcaption><\/figure><div class=\"fg-loader\"><\/div><\/div><div class=\"fg-item\"><figure class=\"fg-item-inner\"><a href=\"http:\/\/amimuse.org\/wp-content\/uploads\/2020\/02\/Amimuse-Babel-Canto-26jan20-21.jpg\" data-attachment-id=\"645\" class=\"fg-thumb\"><span class=\"fg-image-wrap\"><img width=\"150\" height=\"150\" data-src-fg=\"http:\/\/amimuse.org\/wp-content\/uploads\/cache\/2020\/02\/Amimuse-Babel-Canto-26jan20-21\/-1535889097.jpg\" class=\"fg-image\" \/><\/span><\/a><figcaption class=\"fg-caption\"><div class=\"fg-caption-inner\"><\/div><\/figcaption><\/figure><div class=\"fg-loader\"><\/div><\/div><div class=\"fg-item\"><figure class=\"fg-item-inner\"><a href=\"http:\/\/amimuse.org\/wp-content\/uploads\/2020\/02\/Amimuse-Babel-Canto-26jan20-22.jpg\" data-attachment-id=\"646\" class=\"fg-thumb\"><span class=\"fg-image-wrap\"><img width=\"150\" height=\"150\" data-src-fg=\"http:\/\/amimuse.org\/wp-content\/uploads\/cache\/2020\/02\/Amimuse-Babel-Canto-26jan20-22\/-866957716.jpg\" class=\"fg-image\" \/><\/span><\/a><figcaption class=\"fg-caption\"><div class=\"fg-caption-inner\"><\/div><\/figcaption><\/figure><div class=\"fg-loader\"><\/div><\/div><div class=\"fg-item\"><figure class=\"fg-item-inner\"><a href=\"http:\/\/amimuse.org\/wp-content\/uploads\/2020\/02\/Amimuse-Babel-Canto-26jan20-23.jpg\" data-attachment-id=\"647\" class=\"fg-thumb\"><span class=\"fg-image-wrap\"><img width=\"150\" height=\"150\" data-src-fg=\"http:\/\/amimuse.org\/wp-content\/uploads\/cache\/2020\/02\/Amimuse-Babel-Canto-26jan20-23\/-340683611.jpg\" class=\"fg-image\" \/><\/span><\/a><figcaption class=\"fg-caption\"><div class=\"fg-caption-inner\"><\/div><\/figcaption><\/figure><div class=\"fg-loader\"><\/div><\/div><div class=\"fg-item\"><figure class=\"fg-item-inner\"><a href=\"http:\/\/amimuse.org\/wp-content\/uploads\/2020\/02\/Amimuse-Babel-Canto-26jan20-25.jpg\" data-attachment-id=\"648\" class=\"fg-thumb\"><span class=\"fg-image-wrap\"><img width=\"150\" height=\"150\" data-src-fg=\"http:\/\/amimuse.org\/wp-content\/uploads\/cache\/2020\/02\/Amimuse-Babel-Canto-26jan20-25\/-415947784.jpg\" class=\"fg-image\" \/><\/span><\/a><figcaption class=\"fg-caption\"><div class=\"fg-caption-inner\"><\/div><\/figcaption><\/figure><div class=\"fg-loader\"><\/div><\/div><div class=\"fg-item\"><figure class=\"fg-item-inner\"><a href=\"http:\/\/amimuse.org\/wp-content\/uploads\/2020\/02\/Amimuse-Babel-Canto-26jan20-27.jpg\" data-attachment-id=\"649\" class=\"fg-thumb\"><span class=\"fg-image-wrap\"><img width=\"150\" height=\"150\" data-src-fg=\"http:\/\/amimuse.org\/wp-content\/uploads\/cache\/2020\/02\/Amimuse-Babel-Canto-26jan20-27\/1314453202.jpg\" class=\"fg-image\" \/><\/span><\/a><figcaption class=\"fg-caption\"><div class=\"fg-caption-inner\"><\/div><\/figcaption><\/figure><div class=\"fg-loader\"><\/div><\/div><div class=\"fg-item\"><figure class=\"fg-item-inner\"><a href=\"http:\/\/amimuse.org\/wp-content\/uploads\/2020\/02\/Amimuse-Babel-Canto-26jan20-29.jpg\" data-attachment-id=\"650\" class=\"fg-thumb\"><span class=\"fg-image-wrap\"><img width=\"150\" height=\"150\" data-src-fg=\"http:\/\/amimuse.org\/wp-content\/uploads\/cache\/2020\/02\/Amimuse-Babel-Canto-26jan20-29\/1929130382.jpg\" class=\"fg-image\" \/><\/span><\/a><figcaption class=\"fg-caption\"><div class=\"fg-caption-inner\"><\/div><\/figcaption><\/figure><div class=\"fg-loader\"><\/div><\/div><div class=\"fg-item\"><figure class=\"fg-item-inner\"><a href=\"http:\/\/amimuse.org\/wp-content\/uploads\/2020\/02\/Amimuse-Babel-Canto-26jan20-33.jpg\" data-attachment-id=\"651\" class=\"fg-thumb\"><span class=\"fg-image-wrap\"><img width=\"150\" height=\"150\" data-src-fg=\"http:\/\/amimuse.org\/wp-content\/uploads\/cache\/2020\/02\/Amimuse-Babel-Canto-26jan20-33\/521136978.jpg\" class=\"fg-image\" \/><\/span><\/a><figcaption class=\"fg-caption\"><div class=\"fg-caption-inner\"><\/div><\/figcaption><\/figure><div class=\"fg-loader\"><\/div><\/div><div class=\"fg-item\"><figure class=\"fg-item-inner\"><a href=\"http:\/\/amimuse.org\/wp-content\/uploads\/2020\/02\/Amimuse-Babel-Canto-26jan20-36.jpg\" data-attachment-id=\"652\" class=\"fg-thumb\"><span class=\"fg-image-wrap\"><img width=\"150\" height=\"150\" data-src-fg=\"http:\/\/amimuse.org\/wp-content\/uploads\/cache\/2020\/02\/Amimuse-Babel-Canto-26jan20-36\/-1320708722.jpg\" class=\"fg-image\" \/><\/span><\/a><figcaption class=\"fg-caption\"><div class=\"fg-caption-inner\"><\/div><\/figcaption><\/figure><div class=\"fg-loader\"><\/div><\/div><div class=\"fg-item\"><figure class=\"fg-item-inner\"><a href=\"http:\/\/amimuse.org\/wp-content\/uploads\/2020\/02\/Amimuse-Babel-Canto-26jan20-38.jpg\" data-attachment-id=\"653\" class=\"fg-thumb\"><span class=\"fg-image-wrap\"><img width=\"150\" height=\"150\" data-src-fg=\"http:\/\/amimuse.org\/wp-content\/uploads\/cache\/2020\/02\/Amimuse-Babel-Canto-26jan20-38\/1334138347.jpg\" class=\"fg-image\" \/><\/span><\/a><figcaption class=\"fg-caption\"><div class=\"fg-caption-inner\"><\/div><\/figcaption><\/figure><div class=\"fg-loader\"><\/div><\/div><div class=\"fg-item\"><figure class=\"fg-item-inner\"><a href=\"http:\/\/amimuse.org\/wp-content\/uploads\/2020\/02\/Amimuse-Babel-Canto-26jan20-44.jpg\" data-attachment-id=\"654\" class=\"fg-thumb\"><span class=\"fg-image-wrap\"><img width=\"150\" height=\"150\" data-src-fg=\"http:\/\/amimuse.org\/wp-content\/uploads\/cache\/2020\/02\/Amimuse-Babel-Canto-26jan20-44\/-2128472053.jpg\" class=\"fg-image\" \/><\/span><\/a><figcaption class=\"fg-caption\"><div class=\"fg-caption-inner\"><\/div><\/figcaption><\/figure><div class=\"fg-loader\"><\/div><\/div><div class=\"fg-item\"><figure class=\"fg-item-inner\"><a href=\"http:\/\/amimuse.org\/wp-content\/uploads\/2020\/02\/Amimuse-Babel-Canto-26jan20-46-Panorama.jpg\" data-attachment-id=\"655\" class=\"fg-thumb\"><span class=\"fg-image-wrap\"><img width=\"150\" height=\"150\" data-src-fg=\"http:\/\/amimuse.org\/wp-content\/uploads\/cache\/2020\/02\/Amimuse-Babel-Canto-26jan20-46-Panorama\/251171003.jpg\" class=\"fg-image\" \/><\/span><\/a><figcaption class=\"fg-caption\"><div class=\"fg-caption-inner\"><\/div><\/figcaption><\/figure><div class=\"fg-loader\"><\/div><\/div><div class=\"fg-item\"><figure class=\"fg-item-inner\"><a href=\"http:\/\/amimuse.org\/wp-content\/uploads\/2020\/02\/Amimuse-Babel-Canto-26jan20-51.jpg\" data-attachment-id=\"656\" class=\"fg-thumb\"><span class=\"fg-image-wrap\"><img width=\"150\" height=\"150\" data-src-fg=\"http:\/\/amimuse.org\/wp-content\/uploads\/cache\/2020\/02\/Amimuse-Babel-Canto-26jan20-51\/-749100861.jpg\" class=\"fg-image\" \/><\/span><\/a><figcaption class=\"fg-caption\"><div class=\"fg-caption-inner\"><\/div><\/figcaption><\/figure><div class=\"fg-loader\"><\/div><\/div><div class=\"fg-item\"><figure class=\"fg-item-inner\"><a href=\"http:\/\/amimuse.org\/wp-content\/uploads\/2020\/02\/Amimuse-Babel-Canto-26jan20-52.jpg\" data-attachment-id=\"657\" class=\"fg-thumb\"><span class=\"fg-image-wrap\"><img width=\"150\" height=\"150\" data-src-fg=\"http:\/\/amimuse.org\/wp-content\/uploads\/cache\/2020\/02\/Amimuse-Babel-Canto-26jan20-52\/-1231129225.jpg\" class=\"fg-image\" \/><\/span><\/a><figcaption class=\"fg-caption\"><div class=\"fg-caption-inner\"><\/div><\/figcaption><\/figure><div class=\"fg-loader\"><\/div><\/div><div class=\"fg-item\"><figure class=\"fg-item-inner\"><a href=\"http:\/\/amimuse.org\/wp-content\/uploads\/2020\/02\/Amimuse-Babel-Canto-26jan20-53.jpg\" data-attachment-id=\"658\" class=\"fg-thumb\"><span class=\"fg-image-wrap\"><img width=\"150\" height=\"150\" data-src-fg=\"http:\/\/amimuse.org\/wp-content\/uploads\/cache\/2020\/02\/Amimuse-Babel-Canto-26jan20-53\/-1327510733.jpg\" class=\"fg-image\" \/><\/span><\/a><figcaption class=\"fg-caption\"><div class=\"fg-caption-inner\"><\/div><\/figcaption><\/figure><div class=\"fg-loader\"><\/div><\/div><div class=\"fg-item\"><figure class=\"fg-item-inner\"><a href=\"http:\/\/amimuse.org\/wp-content\/uploads\/2020\/02\/Amimuse-Babel-Canto-26jan20-55.jpg\" data-attachment-id=\"659\" class=\"fg-thumb\"><span class=\"fg-image-wrap\"><img width=\"150\" height=\"150\" data-src-fg=\"http:\/\/amimuse.org\/wp-content\/uploads\/cache\/2020\/02\/Amimuse-Babel-Canto-26jan20-55\/-1644687133.jpg\" class=\"fg-image\" \/><\/span><\/a><figcaption class=\"fg-caption\"><div class=\"fg-caption-inner\"><\/div><\/figcaption><\/figure><div class=\"fg-loader\"><\/div><\/div><div class=\"fg-item\"><figure class=\"fg-item-inner\"><a href=\"http:\/\/amimuse.org\/wp-content\/uploads\/2020\/02\/Amimuse-Babel-Canto-26jan20-56.jpg\" data-attachment-id=\"660\" class=\"fg-thumb\"><span class=\"fg-image-wrap\"><img width=\"150\" height=\"150\" data-src-fg=\"http:\/\/amimuse.org\/wp-content\/uploads\/cache\/2020\/02\/Amimuse-Babel-Canto-26jan20-56\/182574373.jpg\" class=\"fg-image\" \/><\/span><\/a><figcaption class=\"fg-caption\"><div class=\"fg-caption-inner\"><\/div><\/figcaption><\/figure><div class=\"fg-loader\"><\/div><\/div><div class=\"fg-item\"><figure class=\"fg-item-inner\"><a href=\"http:\/\/amimuse.org\/wp-content\/uploads\/2020\/02\/Amimuse-Babel-Canto-26jan20-57.jpg\" data-attachment-id=\"661\" class=\"fg-thumb\"><span class=\"fg-image-wrap\"><img width=\"150\" height=\"150\" data-src-fg=\"http:\/\/amimuse.org\/wp-content\/uploads\/cache\/2020\/02\/Amimuse-Babel-Canto-26jan20-57\/755175404.jpg\" class=\"fg-image\" \/><\/span><\/a><figcaption class=\"fg-caption\"><div class=\"fg-caption-inner\"><\/div><\/figcaption><\/figure><div class=\"fg-loader\"><\/div><\/div><div class=\"fg-item\"><figure class=\"fg-item-inner\"><a href=\"http:\/\/amimuse.org\/wp-content\/uploads\/2020\/02\/Amimuse-Babel-Canto-26jan20-58.jpg\" data-attachment-id=\"662\" class=\"fg-thumb\"><span class=\"fg-image-wrap\"><img width=\"150\" height=\"150\" data-src-fg=\"http:\/\/amimuse.org\/wp-content\/uploads\/cache\/2020\/02\/Amimuse-Babel-Canto-26jan20-58\/311127544.jpg\" class=\"fg-image\" \/><\/span><\/a><figcaption class=\"fg-caption\"><div class=\"fg-caption-inner\"><\/div><\/figcaption><\/figure><div class=\"fg-loader\"><\/div><\/div><div class=\"fg-item\"><figure class=\"fg-item-inner\"><a href=\"http:\/\/amimuse.org\/wp-content\/uploads\/2020\/02\/Amimuse-Babel-Canto-26jan20-61.jpg\" data-attachment-id=\"663\" class=\"fg-thumb\"><span class=\"fg-image-wrap\"><img width=\"150\" height=\"150\" data-src-fg=\"http:\/\/amimuse.org\/wp-content\/uploads\/cache\/2020\/02\/Amimuse-Babel-Canto-26jan20-61\/-553543615.jpg\" class=\"fg-image\" \/><\/span><\/a><figcaption class=\"fg-caption\"><div class=\"fg-caption-inner\"><\/div><\/figcaption><\/figure><div class=\"fg-loader\"><\/div><\/div><div class=\"fg-item\"><figure class=\"fg-item-inner\"><a href=\"http:\/\/amimuse.org\/wp-content\/uploads\/2020\/02\/Amimuse-Babel-Canto-26jan20-66.jpg\" data-attachment-id=\"664\" class=\"fg-thumb\"><span class=\"fg-image-wrap\"><img width=\"150\" height=\"150\" data-src-fg=\"http:\/\/amimuse.org\/wp-content\/uploads\/cache\/2020\/02\/Amimuse-Babel-Canto-26jan20-66\/682468414.jpg\" class=\"fg-image\" \/><\/span><\/a><figcaption class=\"fg-caption\"><div class=\"fg-caption-inner\"><\/div><\/figcaption><\/figure><div class=\"fg-loader\"><\/div><\/div><div class=\"fg-item\"><figure class=\"fg-item-inner\"><a href=\"http:\/\/amimuse.org\/wp-content\/uploads\/2020\/02\/Amimuse-Babel-Canto-26jan20-70.jpg\" data-attachment-id=\"665\" class=\"fg-thumb\"><span class=\"fg-image-wrap\"><img width=\"150\" height=\"150\" data-src-fg=\"http:\/\/amimuse.org\/wp-content\/uploads\/cache\/2020\/02\/Amimuse-Babel-Canto-26jan20-70\/317811629.jpg\" class=\"fg-image\" \/><\/span><\/a><figcaption class=\"fg-caption\"><div class=\"fg-caption-inner\"><\/div><\/figcaption><\/figure><div class=\"fg-loader\"><\/div><\/div><div class=\"fg-item\"><figure class=\"fg-item-inner\"><a href=\"http:\/\/amimuse.org\/wp-content\/uploads\/2020\/02\/Amimuse-Babel-Canto-26jan20-71.jpg\" data-attachment-id=\"666\" class=\"fg-thumb\"><span class=\"fg-image-wrap\"><img width=\"150\" height=\"150\" data-src-fg=\"http:\/\/amimuse.org\/wp-content\/uploads\/cache\/2020\/02\/Amimuse-Babel-Canto-26jan20-71\/955456395.jpg\" class=\"fg-image\" \/><\/span><\/a><figcaption class=\"fg-caption\"><div class=\"fg-caption-inner\"><\/div><\/figcaption><\/figure><div class=\"fg-loader\"><\/div><\/div><div class=\"fg-item\"><figure class=\"fg-item-inner\"><a href=\"http:\/\/amimuse.org\/wp-content\/uploads\/2020\/02\/Amimuse-Babel-Canto-26jan20-78.jpg\" data-attachment-id=\"667\" class=\"fg-thumb\"><span class=\"fg-image-wrap\"><img width=\"150\" height=\"150\" data-src-fg=\"http:\/\/amimuse.org\/wp-content\/uploads\/cache\/2020\/02\/Amimuse-Babel-Canto-26jan20-78\/-856370441.jpg\" class=\"fg-image\" \/><\/span><\/a><figcaption class=\"fg-caption\"><div class=\"fg-caption-inner\"><\/div><\/figcaption><\/figure><div class=\"fg-loader\"><\/div><\/div><div class=\"fg-item\"><figure class=\"fg-item-inner\"><a href=\"http:\/\/amimuse.org\/wp-content\/uploads\/2020\/02\/Amimuse-Babel-Canto-26jan20-79.jpg\" data-attachment-id=\"668\" class=\"fg-thumb\"><span class=\"fg-image-wrap\"><img width=\"150\" height=\"150\" data-src-fg=\"http:\/\/amimuse.org\/wp-content\/uploads\/cache\/2020\/02\/Amimuse-Babel-Canto-26jan20-79\/-894079821.jpg\" class=\"fg-image\" \/><\/span><\/a><figcaption class=\"fg-caption\"><div class=\"fg-caption-inner\"><\/div><\/figcaption><\/figure><div class=\"fg-loader\"><\/div><\/div><div class=\"fg-item\"><figure class=\"fg-item-inner\"><a href=\"http:\/\/amimuse.org\/wp-content\/uploads\/2020\/02\/Amimuse-Babel-Canto-26jan20-81.jpg\" data-attachment-id=\"669\" class=\"fg-thumb\"><span class=\"fg-image-wrap\"><img width=\"150\" height=\"150\" data-src-fg=\"http:\/\/amimuse.org\/wp-content\/uploads\/cache\/2020\/02\/Amimuse-Babel-Canto-26jan20-81\/765553280.jpg\" class=\"fg-image\" \/><\/span><\/a><figcaption class=\"fg-caption\"><div class=\"fg-caption-inner\"><\/div><\/figcaption><\/figure><div class=\"fg-loader\"><\/div><\/div><div class=\"fg-item\"><figure class=\"fg-item-inner\"><a href=\"http:\/\/amimuse.org\/wp-content\/uploads\/2020\/02\/Amimuse-Babel-Canto-26jan20-83.jpg\" data-attachment-id=\"670\" class=\"fg-thumb\"><span class=\"fg-image-wrap\"><img width=\"150\" height=\"150\" data-src-fg=\"http:\/\/amimuse.org\/wp-content\/uploads\/cache\/2020\/02\/Amimuse-Babel-Canto-26jan20-83\/1185593491.jpg\" class=\"fg-image\" \/><\/span><\/a><figcaption class=\"fg-caption\"><div class=\"fg-caption-inner\"><\/div><\/figcaption><\/figure><div class=\"fg-loader\"><\/div><\/div><\/div>\r\n\n\n","protected":false},"excerpt":{"rendered":"<p>Polyphonies des cinq continentsDimanche 26 janvier 2020, 16 h \u00e0 l&rsquo;\u00e9glise de Crozon Babel Canto est un groupe vocal de douze chanteurs de la r\u00e9gion de Nantes qui propose un voyage musical \u00e0 travers l&rsquo;univers color\u00e9 des polyphonies vocales du monde, de Bretagne aux cinq continents. Le choix de chanter [&hellip;]<\/p>\n","protected":false},"author":1,"featured_media":376,"parent":0,"menu_order":0,"comment_status":"closed","ping_status":"closed","template":"","meta":[],"_links":{"self":[{"href":"http:\/\/amimuse.org\/index.php?rest_route=\/wp\/v2\/pages\/374"}],"collection":[{"href":"http:\/\/amimuse.org\/index.php?rest_route=\/wp\/v2\/pages"}],"about":[{"href":"http:\/\/amimuse.org\/index.php?rest_route=\/wp\/v2\/types\/page"}],"author":[{"embeddable":true,"href":"http:\/\/amimuse.org\/index.php?rest_route=\/wp\/v2\/users\/1"}],"replies":[{"embeddable":true,"href":"http:\/\/amimuse.org\/index.php?rest_route=%2Fwp%2Fv2%2Fcomments&post=374"}],"version-history":[{"count":3,"href":"http:\/\/amimuse.org\/index.php?rest_route=\/wp\/v2\/pages\/374\/revisions"}],"predecessor-version":[{"id":673,"href":"http:\/\/amimuse.org\/index.php?rest_route=\/wp\/v2\/pages\/374\/revisions\/673"}],"wp:featuredmedia":[{"embeddable":true,"href":"http:\/\/amimuse.org\/index.php?rest_route=\/wp\/v2\/media\/376"}],"wp:attachment":[{"href":"http:\/\/amimuse.org\/index.php?rest_route=%2Fwp%2Fv2%2Fmedia&parent=374"}],"curies":[{"name":"wp","href":"https:\/\/api.w.org\/{rel}","templated":true}]}}