{"id":379,"date":"2019-08-30T15:47:49","date_gmt":"2019-08-30T13:47:49","guid":{"rendered":"http:\/\/amimuse.org\/?page_id=379"},"modified":"2020-02-02T08:58:06","modified_gmt":"2020-02-02T07:58:06","slug":"bubbey-mayse","status":"publish","type":"page","link":"http:\/\/amimuse.org\/?page_id=379","title":{"rendered":"Bubbey Mayse"},"content":{"rendered":"\n<p style=\"text-align:center\"><strong>Musiques yiddish et klezmer<\/strong><br>Samedi 8 f\u00e9vrier 2020 \u00e0 20h30 \u00e0 Ty Skol (Saint-Hernot)<\/p>\n\n\n\n<p>Quatre femmes. Quatre personnalit\u00e9s. Les Bubbey Mayse proposent une nouvelle sensibilit\u00e9 musicale autour de la musique klezmer et de la chanson yiddish. Men\u00e9es par la force du collectif, elles manient ce r\u00e9pertoire venu d\u2019Europe  centrale et d\u2019Europe de l\u2019est avec finesse et modernit\u00e9. Une \u00e9l\u00e9gante folie habille ces quatre musiciennes qui, dans une chaleur communicative racontent leurs Bubbey Mayse, leurs histoires de grands-m\u00e8res, en toute simplicit\u00e9. Chants, violoncelle, clarinette, accord\u00e9on et violon. Les Bubbey Mayse proposeront une conf\u00e9rence atelier le samedi matin, de 10h30 \u00e0 12h30 \u00e0 la Maison du temps libre (entr\u00e9e libre).<\/p>\n\n\n\n<div class=\"wp-block-image\"><figure class=\"aligncenter\"><img loading=\"lazy\" width=\"700\" height=\"420\" src=\"http:\/\/amimuse.org\/wp-content\/uploads\/2019\/08\/bubbey5-BD-1.jpg\" alt=\"\" class=\"wp-image-380\" srcset=\"http:\/\/amimuse.org\/wp-content\/uploads\/2019\/08\/bubbey5-BD-1.jpg 700w, http:\/\/amimuse.org\/wp-content\/uploads\/2019\/08\/bubbey5-BD-1-300x180.jpg 300w\" sizes=\"(max-width: 700px) 100vw, 700px\" \/><\/figure><\/div>\n\n\n\n<p style=\"text-align:center\">Tarifs : 10-5 \u20ac gratuit eleves de de l&rsquo;\u00e9cole de musique et moins de 16 ans<br> Organisation : Les Amis de la Musique www.amimuse.org (licence 3-1123217).<br> Contact : contact@amimuse.fr &#8211; 06 08 15 22 09. Master-class : 02 98 17 04 86<br> R\u00e9servation : Librairie Le Parchemin une semaine avant le concert.<\/p>\n\n\n\n<p style=\"text-align:center\" class=\"has-large-font-size\"><strong>Les Bubbey Mayse<\/strong><\/p>\n\n\n\n<p>Quatre femmes. Quatre personnalit\u00e9s.  Les Bubbey Mayse proposent une nouvelle sensibilit\u00e9 musicale autour de la musique klezmer et de la chanson yiddish. Men\u00e9es par la force du collectif, elles manient ce r\u00e9pertoire venu d&rsquo;Europe centrale et d&rsquo;Europe de l&rsquo;est avec finesse et modernit\u00e9.  Une \u00e9l\u00e9gante folie habille ces quatre musiciennes qui, dans une chaleur communicative racontent leurs Bubbey Mayse, leurs histoires de grands-m\u00e8res, en toute simplicit\u00e9. <\/p>\n\n\n\n<p><strong>Le chant des instruments<\/strong> <br>Le mot Klezmer d\u00e9rive de l&rsquo;h\u00e9breu \u00ab keyle \u00bb : instrument, voix et \u00ab zemer \u00bb : air, m\u00e9lodie, chanson. Ce mot illustre parfaitement la mission que se sont donn\u00e9es les musiciennes : allier la voix et l&rsquo;instrument. <br><strong>Faire se rencontrer les esth\u00e9tiques <\/strong><br>La clarinette exprime avec exp\u00e9rience et sensibilit\u00e9 la saveur de la musique klezmer. Le violon s&rsquo;y ajoute avec d\u00e9licatesse et virtuosit\u00e9 avec des influences allant de l&rsquo;Irlande au Tibet. Le violoncelle apporte une couleur inspir\u00e9e de la musique clas-sique, ainsi que d&rsquo;autres horizons musicaux (pop, folk). L&rsquo;accord\u00e9on diatonique (bi-sonore chromatique), quant \u00e0 lui, apporte un timbre original et participe avec \u00e9nergie \u00e0 l&rsquo;ouverture harmonique du quartet. <br><strong>Une \u00e9criture engag\u00e9e <\/strong><br>Le groupe a d\u00e9cid\u00e9 de r\u00e9aliser un travail d&rsquo;\u00e9criture pr\u00e9cis. D&rsquo;une m\u00e9lodie pure vers une \u00e9criture orchestr\u00e9e, d&rsquo;une chanson intimiste \u00e0 un ch\u0153ur communicatif, d&rsquo;un quartet vocal, a capella, \u00e0 une explosion instrumentale\u2026 Les musiciennes expri-ment une interpr\u00e9tation moderne et inno-vante \u00e0 travers leurs arrangements. <br><strong>Utilisation de l&rsquo;improvisation <\/strong><br> Avec l&rsquo;envie d&rsquo;op\u00e9rer une rencontre spontan\u00e9e avec le public, chaque instru-mentiste se joue de moments d&rsquo;improvisa-tion. Dans un souci de sinc\u00e9rit\u00e9, ces libet\u00e9s musicales servent le rythme du concert. <br><strong>Un travail autour de la voix<\/strong> <br>Particuli\u00e8rement touch\u00e9es par cet instru-ment, les quatre musiciennes r\u00e9alisent un travail de recherche et d&rsquo;exp\u00e9rimen -tation autour de la voix en respectant la tradition et en explorant la mati\u00e8re. Elsa Signorile, pour raconter, transmettre et porter l&rsquo;histoire de la langue yiddish, nous emm\u00e8ne dans le Yiddishland \u00e0 travers des anecdotes et des chansons. Morgane Labbe, pour illustrer les pro-pos du texte et la couleur des sentiments, chante \u00e0 c\u0153ur ouvert, improvise, s&rsquo;envole, en s&rsquo;inspirant des sonorit\u00e9s profondes de cette musique. Les quatre jeunes femmes, pour porter leur musique dans une dimension plus puissante, s&rsquo;associent pour former un ch\u0153ur. Elles utilisent aussi bien la force des voix \u00e0 l&rsquo;unisson que l&rsquo;\u00e9criture vocale polyphonique. <br><strong>Le r\u00e9pertoire <\/strong><br>Un air pour danser, une histoire de tendresse, des fantaisies d\u00e9licieuses du village de \u00ab Chelm \u00bb, l&rsquo;\u00e9motion d&rsquo;une procession de rue, la danse joyeuse du Freylekh, des paroles humanistes, des rondes hassidiques \u2026 De morceaux connus revisit\u00e9s \u00e0 d&rsquo;autres peu jou\u00e9s, le concert des Bubbey Mayse est construit dans un souci de coh\u00e9rence, toujours dans une d\u00e9marche collective. <br><strong>Mise en plateau <\/strong><br>Pour mettre en espace, en son et en lumi\u00e8re ce r\u00e9pertoire, Les Bubbey Mayse ont \u00e9t\u00e9 accompagn\u00e9es et soutenues par La Compagnie des Possibles de Peillac, La P\u00e9niche Spectacle de Rennes, le centre culturel P\u00f4le Sud de Chartres de Bretagne et l&rsquo;Avant-sc\u00e8ne \u00e0 Montfort-sur-Meu. Elles ont ainsi travaill\u00e9 avec Hugues Charbonneau, puis Claire Laurent en regards ext\u00e9rieurs, mise en sc\u00e8ne et \u00e9criture, ainsi qu&rsquo;avec Sacha Denfert, Pierre-Alexis Rouill\u00e9, Anna Geneste et Elsa Pierry-Grammare sur la cr\u00e9ation son  et lumi\u00e8res. <br><em>Les Bubbey Mayse, des histoires \u00e0 tenir debout, des histoires de grands-m\u00e8res. <br>Et nous, nous les portons nos grands-m\u00e8res, nous portons leurs col\u00e8res, leurs d\u00e9boires  et leurs gueules de bois.  Nos petites grands-m\u00e8res de l&rsquo;ombre et du silence. Parce que faut dire qu&rsquo;on leur a pas toujours laiss\u00e9 beaucoup de place. Ces femmes qui ont \u00e9crit des chansons  pour ne pas se taire.  Ecoute\u2026  Tu vas voir danser des fant\u00f4mes en jupon.<\/em><\/p>\n\n\n\n<figure class=\"wp-block-image\"><img loading=\"lazy\" width=\"598\" height=\"399\" src=\"http:\/\/amimuse.org\/wp-content\/uploads\/2019\/08\/Elsa.jpg\" alt=\"\" class=\"wp-image-382\" srcset=\"http:\/\/amimuse.org\/wp-content\/uploads\/2019\/08\/Elsa.jpg 598w, http:\/\/amimuse.org\/wp-content\/uploads\/2019\/08\/Elsa-300x200.jpg 300w, http:\/\/amimuse.org\/wp-content\/uploads\/2019\/08\/Elsa-360x240.jpg 360w\" sizes=\"(max-width: 598px) 100vw, 598px\" \/><\/figure>\n\n\n\n<p><strong>Elsa Signorile <br>Clarinette &#8211; Chant <\/strong><br>Une langue parl\u00e9e par ses grands-parents, une musique qui a berc\u00e9 son enfance, Elsa Signorile, clarinettiste et chanteuse, a grandi dans la culture yiddish. Riche de diff\u00e9rents stages de musique klezmer (Rennes en 2010, Paris en 2009, 2012), Elsa a pu travailler sur le style klezmer \u00e0 la clarinette depuis plusieurs ann\u00e9es. Elle se perfectionne aujourd&rsquo;hui sur la voix et l&rsquo;interpr\u00e9tation des chansons yiddish \u00e0 travers des cours r\u00e9guliers de langue yiddish et des rencontres avec Shura Lipovsky, chanteuse yiddish. Aujourd&rsquo;hui, Elsa a envie de faire vivre et de partager cette culture. Titulaire du dipl\u00f4me de musicienne intervenante, elle transmet la chanson yiddish \u00e0 Rennes et \u00e0 Nantes avec l&rsquo;association \u00ab Sholem, musiques et langues juives en Bretagne \u00bb et le Centre Culturel juif Andr\u00e9 N\u00e9her ( CCAN) de Nantes. Elle fait aussi partie du duo Nora Bisele, chansons yiddish et fran\u00e7aises. Int\u00e9ress\u00e9e par d&rsquo;autres univers et exp\u00e9riences artistiques, Elsa a travaill\u00e9 avec la conteuse Ga\u00eblle Arsicault, dans le duo Les bobines d&rsquo;ElGa ( contes et musiques pour enfant), et propose le spectacle<em> Pas si vilaine<\/em>, avec le com\u00e9dien Hugues Charbonneau. <\/p>\n\n\n\n<figure class=\"wp-block-image\"><img loading=\"lazy\" width=\"600\" height=\"401\" src=\"http:\/\/amimuse.org\/wp-content\/uploads\/2019\/08\/Morgane.jpg\" alt=\"\" class=\"wp-image-383\" srcset=\"http:\/\/amimuse.org\/wp-content\/uploads\/2019\/08\/Morgane.jpg 600w, http:\/\/amimuse.org\/wp-content\/uploads\/2019\/08\/Morgane-300x201.jpg 300w, http:\/\/amimuse.org\/wp-content\/uploads\/2019\/08\/Morgane-360x240.jpg 360w\" sizes=\"(max-width: 600px) 100vw, 600px\" \/><\/figure>\n\n\n\n<p><strong>Morgane Labbe <br> Accord\u00e9on &#8211; Chant <\/strong><br> \u00ab Dans la famille, l&rsquo;accord\u00e9on c&rsquo;est sacr\u00e9 ! Toute petite tu joueras, accompagn\u00e9e de ton papa, sur les tables, dans les salons \u2026 puis sur sc\u00e8ne pour faire danser. \u00bb <br> Morgane Labbe est une accord\u00e9oniste-chanteuse aux multi-facettes : concert, cin\u00e9-concert, bal, musique de rue, cabaret, spectacle chor\u00e9graphique, lectures, chanson \u2026 Baign\u00e9e dans la culture traditionnelle de Haute-Bretagne, elle suit des \u00e9tudes musicales ( Conservatoire de Rennes, Licence de musicologie, DUMI \u2026 ) et se passionne pour l&rsquo;univers des musique acoustiques.   Elle compose et arrange des airs issus des cultures qu&rsquo;elle rencontre (Bretagne, Klezmer, Asturies, latines\u2026 ) avec comme fil directeur la sensibilit\u00e9 de son instrument et de sa voix, et la recherche d&rsquo;une identit\u00e9  sincere.  Une danse souffl\u00e9e dans l&rsquo;oreille, aux couleurs singuli\u00e8res port\u00e9e par une jeune femme pleine de vie. <\/p>\n\n\n\n<p>Apr\u00e8s une formation classique au sein du Conservatoire de Rernnes et du P\u00f4le d&rsquo;Enseignement Sup\u00e9rieur Bretagne-Pays de la Loire, Juliette Divry se consacre enti\u00e8rement \u00e0 la sc\u00e8ne. Elle se produit en solo et en musique de chambre dans divers festivals : Classique au large (Saint-Malo), Les nocturnes du Mont-Saint-Michel, Orgues en Cornouailles (Fouesnant). Elle explore \u00e9galement d&rsquo;autres horizons musicaux avec Mermonte (Pop orchestrale), aux c\u00f4t\u00e9s de Sylvain Texier dans le groupe The Last Morning Soundtrack (pop-folk), ainsi qu&rsquo;avec Alan Corbel (musique folk).  Elle s&rsquo;est plong\u00e9e dans le spectacle vivant en 2012 avec <em>A demain petit jour<\/em> de la compagnie de th\u00e9\u00e2tre Artamuse. Elle poursuit l&rsquo;exp\u00e9rience avec l&rsquo;Exp\u00e9dition v\u00e9g\u00e9tale de la Machine de Nantes, puis avec le com\u00e9dien Nicolas Bonneau pour le spectacle Looking for Alceste.  Riche de toutes ces collaborations, Juliette emprunte un chemin plus personnel et propose en solo (violoncelle\/voix) ses compositions dans le projet Suuij. <\/p>\n\n\n\n<figure class=\"wp-block-image\"><img loading=\"lazy\" width=\"598\" height=\"399\" src=\"http:\/\/amimuse.org\/wp-content\/uploads\/2019\/08\/JUliette.jpg\" alt=\"\" class=\"wp-image-384\" srcset=\"http:\/\/amimuse.org\/wp-content\/uploads\/2019\/08\/JUliette.jpg 598w, http:\/\/amimuse.org\/wp-content\/uploads\/2019\/08\/JUliette-300x200.jpg 300w, http:\/\/amimuse.org\/wp-content\/uploads\/2019\/08\/JUliette-360x240.jpg 360w\" sizes=\"(max-width: 598px) 100vw, 598px\" \/><\/figure>\n\n\n\n<p><strong>Juliette Divry <br>Violoncelle &#8211; Ch\u0153urs<\/strong><\/p>\n\n\n\n<p>D\u00e8s 6 ans, elle commence son apprentissage dans l&rsquo;\u00e9cole de musique de son p\u00e8re, puis \u00e9tudie aux Conservatoires de Lille, la musique classique, le jazz et la musique irlandaise. D\u00e8s cette \u00e9poque, elle saisit toutes les occasions de faire sonner son violon, et d\u00e9couvre les musiques tradition-nelles gr\u00e2ce \u00e0 l&rsquo;influence de violonistes comme Vincent Leutreau, Christophe Declercq, Gabriel Lenoir ou Jean-Fran\u00e7ois Vrod \u2026 <br>\nPassionn\u00e9e des \u00ab musiques vivantes \u00bb et improvisatrice puisant son inspiration dans les musiques traditionnelles d&rsquo;Europe nord-occidentale (Irlande, Su\u00e8de, centre France \u2026 ) elle s&rsquo;int\u00e9resse toutefois \u00e0 d&rsquo;autres musiques plus orientales (Turquie, Tibet \u2026 ) et d\u00e9veloppe ainsi un jeu de violon tr\u00e8s personnel qu&rsquo;elle met au service de la musique Klezmer dans les Bubbey Mayse ! <\/p>\n\n\n\n<figure class=\"wp-block-image\"><img loading=\"lazy\" width=\"600\" height=\"401\" src=\"http:\/\/amimuse.org\/wp-content\/uploads\/2019\/08\/Margaux.jpg\" alt=\"\" class=\"wp-image-385\" srcset=\"http:\/\/amimuse.org\/wp-content\/uploads\/2019\/08\/Margaux.jpg 600w, http:\/\/amimuse.org\/wp-content\/uploads\/2019\/08\/Margaux-300x201.jpg 300w, http:\/\/amimuse.org\/wp-content\/uploads\/2019\/08\/Margaux-360x240.jpg 360w\" sizes=\"(max-width: 600px) 100vw, 600px\" \/><\/figure>\n\n\n\n<p><strong>Margaux Li\u00e9nard <br> Violon &#8211; Ch\u0153urs <\/strong><\/p>\n\n\n\n<p>Margaux Li\u00e9nard est n\u00e9e en 1988 dans l&rsquo;Avesnois, r\u00e9gion foresti\u00e8re proche des Ardennes, dans une famille de musicienss. Son violon est \u00e0 l&rsquo;irmage de son caract\u00e8re, g\u00e9n\u00e9reux et curieux. <br> 6 ans, elle commence son apprentissage dans l&rsquo;\u00e9cole de musique de son p\u00e8re, puis \u00e9tudie aux Conservatoires de Lille, la musique classique, le jazz et la musique irlandaise. D\u00e8s cette \u00e9poque, elle saisit toutes les occasions de faire sonner son violon, et d\u00e9couvre les musiques tradition-nelles gr\u00e2ce \u00e0 l&rsquo;influence de violonistes comme Vincent Leutreau, Christophe Declercq, Gabriel Lenoir ou Jean-Fran\u00e7ois Vrod \u2026 <br> Passionn\u00e9e des \u00ab musiques vivantes \u00bb et improvisatrice puisant son inspiration dans les musiques traditionnelles d&rsquo;Europe nord-occidentale (Irlande, Su\u00e8de, centre France \u2026 ) elle s&rsquo;int\u00e9resse toutefois \u00e0 d&rsquo;autres musiques plus orientales (Turquie, Tibet \u2026 ) et d\u00e9veloppe ainsi un jeu de violon tr\u00e8s personnel qu&rsquo;elle met au service de la musique Klezmer dans les Bubbey Mayse ! <\/p>\n\n\n\n<p><\/p>\n","protected":false},"excerpt":{"rendered":"<p>Musiques yiddish et klezmerSamedi 8 f\u00e9vrier 2020 \u00e0 20h30 \u00e0 Ty Skol (Saint-Hernot) Quatre femmes. Quatre personnalit\u00e9s. Les Bubbey Mayse proposent une nouvelle sensibilit\u00e9 musicale autour de la musique klezmer et de la chanson yiddish. Men\u00e9es par la force du collectif, elles manient ce r\u00e9pertoire venu d\u2019Europe centrale et d\u2019Europe [&hellip;]<\/p>\n","protected":false},"author":1,"featured_media":381,"parent":0,"menu_order":0,"comment_status":"closed","ping_status":"closed","template":"","meta":[],"_links":{"self":[{"href":"http:\/\/amimuse.org\/index.php?rest_route=\/wp\/v2\/pages\/379"}],"collection":[{"href":"http:\/\/amimuse.org\/index.php?rest_route=\/wp\/v2\/pages"}],"about":[{"href":"http:\/\/amimuse.org\/index.php?rest_route=\/wp\/v2\/types\/page"}],"author":[{"embeddable":true,"href":"http:\/\/amimuse.org\/index.php?rest_route=\/wp\/v2\/users\/1"}],"replies":[{"embeddable":true,"href":"http:\/\/amimuse.org\/index.php?rest_route=%2Fwp%2Fv2%2Fcomments&post=379"}],"version-history":[{"count":3,"href":"http:\/\/amimuse.org\/index.php?rest_route=\/wp\/v2\/pages\/379\/revisions"}],"predecessor-version":[{"id":584,"href":"http:\/\/amimuse.org\/index.php?rest_route=\/wp\/v2\/pages\/379\/revisions\/584"}],"wp:featuredmedia":[{"embeddable":true,"href":"http:\/\/amimuse.org\/index.php?rest_route=\/wp\/v2\/media\/381"}],"wp:attachment":[{"href":"http:\/\/amimuse.org\/index.php?rest_route=%2Fwp%2Fv2%2Fmedia&parent=379"}],"curies":[{"name":"wp","href":"https:\/\/api.w.org\/{rel}","templated":true}]}}