{"id":388,"date":"2019-08-30T15:56:21","date_gmt":"2019-08-30T13:56:21","guid":{"rendered":"http:\/\/amimuse.org\/?page_id=388"},"modified":"2020-03-02T17:04:47","modified_gmt":"2020-03-02T16:04:47","slug":"concert-des-profs","status":"publish","type":"page","link":"http:\/\/amimuse.org\/?page_id=388","title":{"rendered":"Concert des professeurs"},"content":{"rendered":"\n<p style=\"text-align:center\"><strong>Concert des professeurs de Kaniri ar Mor<\/strong><br><strong> Concert scolaire et concert public<\/strong><br>Vendredi 6 mars 2020 (scolaires), salle omnisports de Telgruc<br> Dimanche 8 mars 2020 \u00e0 16h30, concert public, <br>changement de lieu : <strong>Maison du Temps Libre, Crozon<\/strong><\/p>\n\n\n\n<p>Tout le monde ne le sait pas, mais de nombreux professeurs de l\u2019\u00e9cole de musique m\u00e8nent en parall\u00e8le une carri\u00e8re de concertiste, parfois au plus haut niveau. Ils ont donc d\u00e9cid\u00e9 de se r\u00e9unir pour proposer au public presqu\u2019\u00eelien et aux scolaires un concert haut en couleurs, en solos, duos, trios et plus : piano, violon, violoncelle, clarinette, harpe, guitare, chant\u2026 Il y en aura pour tous les go\u00fbts ! <\/p>\n\n\n\n<figure class=\"wp-block-image\"><img loading=\"lazy\" width=\"700\" height=\"420\" src=\"http:\/\/amimuse.org\/wp-content\/uploads\/2019\/08\/Concert-profs-Kaniri-Ty-skol-fev18-71-BD-1.jpg\" alt=\"\" class=\"wp-image-389\" srcset=\"http:\/\/amimuse.org\/wp-content\/uploads\/2019\/08\/Concert-profs-Kaniri-Ty-skol-fev18-71-BD-1.jpg 700w, http:\/\/amimuse.org\/wp-content\/uploads\/2019\/08\/Concert-profs-Kaniri-Ty-skol-fev18-71-BD-1-300x180.jpg 300w\" sizes=\"(max-width: 700px) 100vw, 700px\" \/><\/figure>\n\n\n\n<p style=\"text-align:center\" class=\"has-large-font-size\"><strong>Programme<\/strong><\/p>\n\n\n\n<p style=\"color:#82310e\" class=\"has-text-color\">\u2013 Quartet Jazz, <strong><em>Julien&rsquo;s gone<\/em><\/strong> (<strong>Vincent van Steene<\/strong>), Vibraphone, trombone, percussions, contrebasse.<br>\u2013 Quartet Jazz, <em><strong>Margali<\/strong><\/em> (<strong>Vincent van Steene<\/strong>), Vibraphone, trombone, percussions, contrebasse.<br>\u2013 Quartet Jazz, <strong><em>Chromatismes articulaires<\/em><\/strong> (<strong>Vincent van Steene<\/strong>), Vibraphone, trombone, percussions, contrebasse.<br>\u2013 Trio classique, <em><strong>M\u00e9lodie roumaine<\/strong><\/em> (<strong>Max Bruch<\/strong>), alto, clarinette &amp; piano.<br>\u2013 <strong><em>Think<\/em><\/strong> (<strong>Aretha Franklin<\/strong>), chant, guitare, percussions.<br>\u2013 <strong><em>Gankino horo<\/em><\/strong> (traditionnel bulgare), clarinette, percussions.<br>\u2013 <strong><em>Sonate pour piano<\/em><\/strong>, 3e mouvement (<strong>Prokoviev<\/strong>), piano solo.<br>\u2013 <strong><em>Keep on rocking<\/em><\/strong> (<strong>Neil Young<\/strong>), alto, guitare, percussions.<br>\u2013 <strong><em>Cluck old hen<\/em><\/strong> (traditionnel), alto, guitare, percussions.<br>\u2013 <strong><em>Le Grand Tango<\/em><\/strong> (<strong>Astor Piazzola<\/strong>), alto, piano.<br>\u2013 <strong><em>Sully&rsquo;s reel<\/em><\/strong> (traditionnel), harpe, alto, guitare, basse, percussions.<br>\u2013 <strong><em>Dire gelt<\/em><\/strong> (trad. <strong>klezmer, arrgt G. Boulestreau<\/strong>), clarinette, trombone, alto, guitare, basse, contrebasse, tuba, piano accord\u00e9on, percussions.<\/p>\n\n\n\n<p><\/p>\n\n\n\n<p style=\"text-align:center\">Tarifs : <br>Concert scolaire gratuit. <br>Concert public, le dimanche : 8 \u20ac, 5 \u20ac, Maison du temps libre, Crozon<br>Gratuit pour les \u00e9l\u00e8ves de l&rsquo;\u00e9cole de musique et les moins de 16 ans.<br> Organisation : Les Amis de la Musique www.amimuse.org (licence 3-1123217). \u00c9cole de musique Kaniri ar Mor <br> Contact : contact@amimuse.fr &#8211; 06 08 15 22 09<br>Ecole de musique : 02 98 17 04 86<\/p>\n","protected":false},"excerpt":{"rendered":"<p>Concert des professeurs de Kaniri ar Mor Concert scolaire et concert publicVendredi 6 mars 2020 (scolaires), salle omnisports de Telgruc Dimanche 8 mars 2020 \u00e0 16h30, concert public, changement de lieu : Maison du Temps Libre, Crozon Tout le monde ne le sait pas, mais de nombreux professeurs de l\u2019\u00e9cole [&hellip;]<\/p>\n","protected":false},"author":1,"featured_media":390,"parent":0,"menu_order":0,"comment_status":"closed","ping_status":"closed","template":"","meta":[],"_links":{"self":[{"href":"http:\/\/amimuse.org\/index.php?rest_route=\/wp\/v2\/pages\/388"}],"collection":[{"href":"http:\/\/amimuse.org\/index.php?rest_route=\/wp\/v2\/pages"}],"about":[{"href":"http:\/\/amimuse.org\/index.php?rest_route=\/wp\/v2\/types\/page"}],"author":[{"embeddable":true,"href":"http:\/\/amimuse.org\/index.php?rest_route=\/wp\/v2\/users\/1"}],"replies":[{"embeddable":true,"href":"http:\/\/amimuse.org\/index.php?rest_route=%2Fwp%2Fv2%2Fcomments&post=388"}],"version-history":[{"count":6,"href":"http:\/\/amimuse.org\/index.php?rest_route=\/wp\/v2\/pages\/388\/revisions"}],"predecessor-version":[{"id":683,"href":"http:\/\/amimuse.org\/index.php?rest_route=\/wp\/v2\/pages\/388\/revisions\/683"}],"wp:featuredmedia":[{"embeddable":true,"href":"http:\/\/amimuse.org\/index.php?rest_route=\/wp\/v2\/media\/390"}],"wp:attachment":[{"href":"http:\/\/amimuse.org\/index.php?rest_route=%2Fwp%2Fv2%2Fmedia&parent=388"}],"curies":[{"name":"wp","href":"https:\/\/api.w.org\/{rel}","templated":true}]}}