{"id":393,"date":"2019-08-30T16:00:11","date_gmt":"2019-08-30T14:00:11","guid":{"rendered":"http:\/\/amimuse.org\/?page_id=393"},"modified":"2021-09-04T15:40:06","modified_gmt":"2021-09-04T13:40:06","slug":"ensemble-romantique-de-bretagne","status":"publish","type":"page","link":"http:\/\/amimuse.org\/?page_id=393","title":{"rendered":"Ensemble romantique de Bretagne"},"content":{"rendered":"\n<p class=\"has-text-align-center\"><strong>Ensemble \u00e0 cordes<\/strong><br>CONCERT REPORT\u00c9 AU<br>Samedi 20 novembre 2021, 20 h 30 \u00e0 l&rsquo;Am\u00e9thyste<\/p>\n\n\n\n<p>Le romantisme musical privil\u00e9gie l&rsquo;exp\u00e9rience personnelle, exaltant la sensibilit\u00e9, l&rsquo;\u00e9motion, la r\u00eaverie, la fusion avec la nature. Sa grande ambition : p\u00e9n\u00e9trer par la musique les grands myst\u00e8res de l&rsquo;univers et les profondeurs de l&rsquo;\u00e2me humaine. Pour relever le d\u00e9fi de faire vivre et rayonner cette musique dans notre r\u00e9gion, c&rsquo;est une \u00e9quipe de 10 instrumentistes \u00e0 cordes vivant et enseignant en Bretagne, tous professionnels de haut niveau, tous passionn\u00e9s, qui se lancent dans l&rsquo;aventure pour faire partager leur plaisir et leur enthousiasme. Ces musiciens professionnels, essentiellement finist\u00e9riens, enseignent \u00e9galement dans les conservatoires de la r\u00e9gion (CRR et Crd de Brest, Lorient, Quimper, Ecole de musique de Crozon..). Les musiciens de l&rsquo;ensemble travailleront en master-classes avec l&rsquo;ensemble de cordes de Kaniri le dimanche 15 novembre. L&rsquo;ensemble de cordes de Kaniri jouera en premi\u00e8re partie.<\/p>\n\n\n\n<div class=\"wp-block-image\"><figure class=\"aligncenter\"><img loading=\"lazy\" width=\"700\" height=\"420\" src=\"http:\/\/amimuse.org\/wp-content\/uploads\/2019\/08\/ERB-BD-1.jpg\" alt=\"\" class=\"wp-image-394\" srcset=\"http:\/\/amimuse.org\/wp-content\/uploads\/2019\/08\/ERB-BD-1.jpg 700w, http:\/\/amimuse.org\/wp-content\/uploads\/2019\/08\/ERB-BD-1-300x180.jpg 300w\" sizes=\"(max-width: 700px) 100vw, 700px\" \/><\/figure><\/div>\n\n\n\n<p class=\"has-text-align-center\">Tarifs : 8-5 \u20ac gratuit eleves de de l&rsquo;\u00e9cole de musique et moins de 16 ans<br> Organisation : Les Amis de la Musique www.amimuse.org (licence 3-1123217).<br> Contact : contact@amimuse.fr &#8211; 06 08 15 22 09. Master-class : 02 98 17 04 86<br> R\u00e9servation : Librairie Le Parchemin une semaine avant le concert.<\/p>\n","protected":false},"excerpt":{"rendered":"<p>Ensemble \u00e0 cordesCONCERT REPORT\u00c9 AUSamedi 20 novembre 2021, 20 h 30 \u00e0 l&rsquo;Am\u00e9thyste Le romantisme musical privil\u00e9gie l&rsquo;exp\u00e9rience personnelle, exaltant la sensibilit\u00e9, l&rsquo;\u00e9motion, la r\u00eaverie, la fusion avec la nature. Sa grande ambition : p\u00e9n\u00e9trer par la musique les grands myst\u00e8res de l&rsquo;univers et les profondeurs de l&rsquo;\u00e2me humaine. Pour [&hellip;]<\/p>\n","protected":false},"author":1,"featured_media":325,"parent":0,"menu_order":0,"comment_status":"closed","ping_status":"closed","template":"","meta":[],"_links":{"self":[{"href":"http:\/\/amimuse.org\/index.php?rest_route=\/wp\/v2\/pages\/393"}],"collection":[{"href":"http:\/\/amimuse.org\/index.php?rest_route=\/wp\/v2\/pages"}],"about":[{"href":"http:\/\/amimuse.org\/index.php?rest_route=\/wp\/v2\/types\/page"}],"author":[{"embeddable":true,"href":"http:\/\/amimuse.org\/index.php?rest_route=\/wp\/v2\/users\/1"}],"replies":[{"embeddable":true,"href":"http:\/\/amimuse.org\/index.php?rest_route=%2Fwp%2Fv2%2Fcomments&post=393"}],"version-history":[{"count":8,"href":"http:\/\/amimuse.org\/index.php?rest_route=\/wp\/v2\/pages\/393\/revisions"}],"predecessor-version":[{"id":916,"href":"http:\/\/amimuse.org\/index.php?rest_route=\/wp\/v2\/pages\/393\/revisions\/916"}],"wp:featuredmedia":[{"embeddable":true,"href":"http:\/\/amimuse.org\/index.php?rest_route=\/wp\/v2\/media\/325"}],"wp:attachment":[{"href":"http:\/\/amimuse.org\/index.php?rest_route=%2Fwp%2Fv2%2Fmedia&parent=393"}],"curies":[{"name":"wp","href":"https:\/\/api.w.org\/{rel}","templated":true}]}}