{"id":398,"date":"2019-08-30T16:04:19","date_gmt":"2019-08-30T14:04:19","guid":{"rendered":"http:\/\/amimuse.org\/?page_id=398"},"modified":"2021-06-21T18:58:24","modified_gmt":"2021-06-21T16:58:24","slug":"orchestre-universitaire-de-brest","status":"publish","type":"page","link":"http:\/\/amimuse.org\/?page_id=398","title":{"rendered":"Orchestre universitaire de Brest"},"content":{"rendered":"\n<p class=\"has-text-align-center\"><strong>Classique \u00e9clectique<\/strong><br>Samedi 22 mai 2021 \u00e0 20h30, \u00e9glise de Crozon<\/p>\n\n\n\n<p class=\"has-text-align-center has-large-font-size\"><strong>CONCERT REPORT\u00c9<\/strong><\/p>\n\n\n\n<p>Les musiques de danse sont nombreuses dans le r\u00e9pertoire classique et contemporain : Valse de Glinka, Danses polovstiennes, extraites du Prince Igor de Borodine, Danzon d\u2019Arturo Marquez (Am\u00e9rique du Sud), La nuit des Mayas de Revueltas (Mexique)&#8230; Une soixantaine de musiciens viendront vous faire r\u00eaver, dirig\u00e9s avec \u00e9nergie par Jean-Philippe Brun, chef talentueux qui sait rassembler dans un m\u00eame \u00e9lan musiciens amateurs et professionnels. En premi\u00e8re partie, l\u2019Orph\u00e9on de la Presqu\u2019\u00eele, l\u2019orchestre \u00e0 cordes et l\u2019orchestre de chambre de Kaniri vous proposeront leurs propres danses !<\/p>\n\n\n\n<figure class=\"wp-block-image\"><img loading=\"lazy\" width=\"700\" height=\"403\" src=\"http:\/\/amimuse.org\/wp-content\/uploads\/2019\/08\/DIA-Orchestre-Paimpol-BD-1.jpg\" alt=\"\" class=\"wp-image-399\" srcset=\"http:\/\/amimuse.org\/wp-content\/uploads\/2019\/08\/DIA-Orchestre-Paimpol-BD-1.jpg 700w, http:\/\/amimuse.org\/wp-content\/uploads\/2019\/08\/DIA-Orchestre-Paimpol-BD-1-300x173.jpg 300w\" sizes=\"(max-width: 700px) 100vw, 700px\" \/><\/figure>\n\n\n\n<p><\/p>\n\n\n\n<p>Depuis le d\u00e9but du confinement, l&rsquo;orchestre a r\u00e9alis\u00e9 4 vid\u00e9os, enregistr\u00e9es \u00e0 domicile par les musiciens sur leur t\u00e9l\u00e9phone. Le chef donne chaque fois les partitions, ses recommandations. Chacun re\u00e7oit un enregistrement avec les \u00ab\u00a0clics\u00a0\u00bb qui permettent \u00e0 tous d&rsquo;\u00eatre synchronis\u00e9s. Une personne r\u00e9alise ensuite le mixage son (de 60 \u00e0 80 enregistrements sonores re\u00e7us) et le montage vid\u00e9o. Voici les 4 vid\u00e9os r\u00e9alis\u00e9es.<\/p>\n\n\n\n<figure class=\"wp-block-embed-youtube wp-block-embed is-type-video is-provider-youtube wp-embed-aspect-16-9 wp-has-aspect-ratio\"><div class=\"wp-block-embed__wrapper\">\n<iframe title=\"Musique confin\u00e9e par l&#039;Orchestre universitaire de Brest : &quot;Pirates des Cara\u00efbes&quot;\" width=\"750\" height=\"422\" src=\"https:\/\/www.youtube.com\/embed\/xXu5othw4Ys?feature=oembed\" frameborder=\"0\" allow=\"accelerometer; autoplay; clipboard-write; encrypted-media; gyroscope; picture-in-picture\" allowfullscreen><\/iframe>\n<\/div><figcaption>Pirates des Cara\u00efbes (musique de Klaus Badelt arrang\u00e9e par Ted Ricketts)<\/figcaption><\/figure>\n\n\n\n<figure class=\"wp-block-embed-youtube wp-block-embed is-type-video is-provider-youtube wp-embed-aspect-16-9 wp-has-aspect-ratio\"><div class=\"wp-block-embed__wrapper\">\n<iframe title=\"Orchestre Universitaire de Brest, vid\u00e9o confin\u00e9e : extrait de la Symphonie inachev\u00e9e de Schubert\" width=\"750\" height=\"422\" src=\"https:\/\/www.youtube.com\/embed\/Qt3i6aJrtYk?feature=oembed\" frameborder=\"0\" allow=\"accelerometer; autoplay; clipboard-write; encrypted-media; gyroscope; picture-in-picture\" allowfullscreen><\/iframe>\n<\/div><figcaption>Extrait de la Symphonie inachev\u00e9e de Schubert.<\/figcaption><\/figure>\n\n\n\n<figure class=\"wp-block-embed-youtube wp-block-embed is-type-video is-provider-youtube wp-embed-aspect-16-9 wp-has-aspect-ratio\"><div class=\"wp-block-embed__wrapper\">\n<iframe title=\"Musique confin\u00e9e par l&#039;Orchestre Universitaire de Brest : &quot;Le Fant\u00f4me de l&#039;Op\u00e9ra&quot;\" width=\"750\" height=\"422\" src=\"https:\/\/www.youtube.com\/embed\/EqsKIs8Ztno?feature=oembed\" frameborder=\"0\" allow=\"accelerometer; autoplay; clipboard-write; encrypted-media; gyroscope; picture-in-picture\" allowfullscreen><\/iframe>\n<\/div><figcaption>Le Fant\u00f4me de l&rsquo;op\u00e9ra, musique de Andrew Lloyd Weber arrang\u00e9e par Calvin Custer.<\/figcaption><\/figure>\n\n\n\n<figure class=\"wp-block-embed-youtube wp-block-embed is-type-video is-provider-youtube wp-embed-aspect-16-9 wp-has-aspect-ratio\"><div class=\"wp-block-embed__wrapper\">\n<iframe title=\"Orchestre universitaire de Brest confin\u00e9 : Sarabande de H\u00e4ndel\" width=\"750\" height=\"422\" src=\"https:\/\/www.youtube.com\/embed\/VcBDn_QqxH8?feature=oembed\" frameborder=\"0\" allow=\"accelerometer; autoplay; clipboard-write; encrypted-media; gyroscope; picture-in-picture\" allowfullscreen><\/iframe>\n<\/div><figcaption>La Sarabande Handel, arrang\u00e9e par Georges Boulestreau<\/figcaption><\/figure>\n\n\n\n<p class=\"has-text-align-center\">Tarifs : 8-5 \u20ac gratuit eleves de de l&rsquo;\u00e9cole de musique et moins de 16 ans<br> Organisation : Les Amis de la Musique www.amimuse.org (licence 3-1123217).<br> Contact : contact@amimuse.fr &#8211; 06 08 15 22 09. Master-class : 02 98 17 04 86<br> R\u00e9servation : Librairie Le Parchemin une semaine avant le concert.<\/p>\n","protected":false},"excerpt":{"rendered":"<p>Classique \u00e9clectiqueSamedi 22 mai 2021 \u00e0 20h30, \u00e9glise de Crozon CONCERT REPORT\u00c9 Les musiques de danse sont nombreuses dans le r\u00e9pertoire classique et contemporain : Valse de Glinka, Danses polovstiennes, extraites du Prince Igor de Borodine, Danzon d\u2019Arturo Marquez (Am\u00e9rique du Sud), La nuit des Mayas de Revueltas (Mexique)&#8230; Une [&hellip;]<\/p>\n","protected":false},"author":1,"featured_media":400,"parent":0,"menu_order":0,"comment_status":"closed","ping_status":"closed","template":"","meta":[],"_links":{"self":[{"href":"http:\/\/amimuse.org\/index.php?rest_route=\/wp\/v2\/pages\/398"}],"collection":[{"href":"http:\/\/amimuse.org\/index.php?rest_route=\/wp\/v2\/pages"}],"about":[{"href":"http:\/\/amimuse.org\/index.php?rest_route=\/wp\/v2\/types\/page"}],"author":[{"embeddable":true,"href":"http:\/\/amimuse.org\/index.php?rest_route=\/wp\/v2\/users\/1"}],"replies":[{"embeddable":true,"href":"http:\/\/amimuse.org\/index.php?rest_route=%2Fwp%2Fv2%2Fcomments&post=398"}],"version-history":[{"count":7,"href":"http:\/\/amimuse.org\/index.php?rest_route=\/wp\/v2\/pages\/398\/revisions"}],"predecessor-version":[{"id":872,"href":"http:\/\/amimuse.org\/index.php?rest_route=\/wp\/v2\/pages\/398\/revisions\/872"}],"wp:featuredmedia":[{"embeddable":true,"href":"http:\/\/amimuse.org\/index.php?rest_route=\/wp\/v2\/media\/400"}],"wp:attachment":[{"href":"http:\/\/amimuse.org\/index.php?rest_route=%2Fwp%2Fv2%2Fmedia&parent=398"}],"curies":[{"name":"wp","href":"https:\/\/api.w.org\/{rel}","templated":true}]}}