{"id":403,"date":"2019-08-30T16:08:21","date_gmt":"2019-08-30T14:08:21","guid":{"rendered":"http:\/\/amimuse.org\/?page_id=403"},"modified":"2020-09-16T09:12:11","modified_gmt":"2020-09-16T07:12:11","slug":"diverssimento","status":"publish","type":"page","link":"http:\/\/amimuse.org\/?page_id=403","title":{"rendered":"Diverssimento"},"content":{"rendered":"\n<p style=\"text-align:center\"><strong>Compositeurs brestois<\/strong><br>Compositions et arrangements de la classe d&rsquo;\u00e9criture du conservatoire de Brest<br>Vendredi 25 juin 2021, 20h30<br>Chapelle ND de Rocamadour<\/p>\n\n\n\n<p>Diverssimento, c\u2019est un kal\u00e9idoscope de musiques de tous les styles avec des formations tr\u00e8s vari\u00e9es : piano, fl\u00fbte, hautbois, clarinette, basson, cor, harpe, chant, violoncelle, duos, trios, quatuors, quintettes et nonettes\u2026 Ce sont des musiques intimistes, sacr\u00e9es, sensibles, joyeuses, tonitruantes, ou optimistes, des concerts pour tous les go\u00fbts, passionnants et sensibles. Toutes les \u0153uvres ou arrangements sont originaux et ont \u00e9t\u00e9 compos\u00e9s par les interpr\u00e8tes qui travaillent la composition au conservatoire de Brest sous l\u2019\u0153il attentif de Ruth Matarasso, professeur d&rsquo;analyse et d&rsquo;\u00e9criture musicales.<\/p>\n\n\n\n<figure class=\"wp-block-image\"><img loading=\"lazy\" width=\"700\" height=\"420\" src=\"http:\/\/amimuse.org\/wp-content\/uploads\/2019\/08\/Diverssimento-Plouvorn-4mai19-28-BD-1.jpg\" alt=\"\" class=\"wp-image-404\" srcset=\"http:\/\/amimuse.org\/wp-content\/uploads\/2019\/08\/Diverssimento-Plouvorn-4mai19-28-BD-1.jpg 700w, http:\/\/amimuse.org\/wp-content\/uploads\/2019\/08\/Diverssimento-Plouvorn-4mai19-28-BD-1-300x180.jpg 300w\" sizes=\"(max-width: 700px) 100vw, 700px\" \/><\/figure>\n\n\n\n<p style=\"text-align:center\">Tarifs : participation libre<br> Organisation : Les Amis de la Musique www.amimuse.org (licence 3-1123217).<br> Contact : contact@amimuse.fr &#8211; 06 08 15 22 09. <\/p>\n","protected":false},"excerpt":{"rendered":"<p>Compositeurs brestoisCompositions et arrangements de la classe d&rsquo;\u00e9criture du conservatoire de BrestVendredi 25 juin 2021, 20h30Chapelle ND de Rocamadour Diverssimento, c\u2019est un kal\u00e9idoscope de musiques de tous les styles avec des formations tr\u00e8s vari\u00e9es : piano, fl\u00fbte, hautbois, clarinette, basson, cor, harpe, chant, violoncelle, duos, trios, quatuors, quintettes et nonettes\u2026 [&hellip;]<\/p>\n","protected":false},"author":1,"featured_media":405,"parent":0,"menu_order":0,"comment_status":"closed","ping_status":"closed","template":"","meta":[],"_links":{"self":[{"href":"http:\/\/amimuse.org\/index.php?rest_route=\/wp\/v2\/pages\/403"}],"collection":[{"href":"http:\/\/amimuse.org\/index.php?rest_route=\/wp\/v2\/pages"}],"about":[{"href":"http:\/\/amimuse.org\/index.php?rest_route=\/wp\/v2\/types\/page"}],"author":[{"embeddable":true,"href":"http:\/\/amimuse.org\/index.php?rest_route=\/wp\/v2\/users\/1"}],"replies":[{"embeddable":true,"href":"http:\/\/amimuse.org\/index.php?rest_route=%2Fwp%2Fv2%2Fcomments&post=403"}],"version-history":[{"count":4,"href":"http:\/\/amimuse.org\/index.php?rest_route=\/wp\/v2\/pages\/403\/revisions"}],"predecessor-version":[{"id":785,"href":"http:\/\/amimuse.org\/index.php?rest_route=\/wp\/v2\/pages\/403\/revisions\/785"}],"wp:featuredmedia":[{"embeddable":true,"href":"http:\/\/amimuse.org\/index.php?rest_route=\/wp\/v2\/media\/405"}],"wp:attachment":[{"href":"http:\/\/amimuse.org\/index.php?rest_route=%2Fwp%2Fv2%2Fmedia&parent=403"}],"curies":[{"name":"wp","href":"https:\/\/api.w.org\/{rel}","templated":true}]}}