{"id":427,"date":"2019-08-30T16:47:32","date_gmt":"2019-08-30T14:47:32","guid":{"rendered":"http:\/\/amimuse.org\/?page_id=427"},"modified":"2019-09-01T11:54:44","modified_gmt":"2019-09-01T09:54:44","slug":"chroma-steel","status":"publish","type":"page","link":"http:\/\/amimuse.org\/?page_id=427","title":{"rendered":"Chroma steel"},"content":{"rendered":"\n<p>Le Duo Chroma Steel est form\u00e9 par Ondine awen Korn et Olivier Wiren. Leur instrument, le <em><strong>steelpan<\/strong><\/em> (appel\u00e9 aussi <em>steeldrum<\/em>), embl\u00e8me de Trinidad et Tobago est constitu\u00e9 \u00e0 partir de bidons martel\u00e9s. C&rsquo;est notamment le dernier instrument acoustique invent\u00e9 au 20e si\u00e8cle. Leur r\u00e9pertoire visite des \u0153uvres de J.S. Bach. <\/p>\n\n\n\n<p style=\"text-align:center\">Samedi 7 septembre 2019, 20h30<br>Salle Ty Skol<br>Participation libre<\/p>\n\n\n\n<p style=\"text-align:center\"><strong>PROGRAMME DU CONCERT<\/strong><\/p>\n\n\n\n<p style=\"text-align:center\" class=\"has-text-color has-accent-color\"><strong>Bach : <\/strong><br>Polonaise et menuet<br>Variation Goldberg n\u00b01<br>Suite en si mineur : <em>allemande, courante, anglaise, sarabande, menuet, trio, menuet, gigue<\/em><br>Pr\u00e9lude en do# majeur du clavier bien temp\u00e9r\u00e9<br>Invention n\u00b08<br>Aria<br>Double concerto en D mineur pour violon<\/p>\n\n\n\n<p style=\"text-align:center\" class=\"has-text-color has-accent-color\"><strong>Calypsos :<\/strong><br>Sensitive (valse)<br>Another time Another place (calypso)<br>My love is on fire (stevie wonder)<br>Pan in A minor (Calypso)<\/p>\n\n\n\n<p><\/p>\n\n\n\n<p><strong>Chroma Steel<br><\/strong> Le groupe s&rsquo;est form\u00e9 en 2014. Il est bas\u00e9 dans le Tarn pr\u00e8s de Cordes sur Ciel.<br> Il est constitu\u00e9 de 4 pannistes et un batteur.  Le r\u00e9pertoire est principalement carib\u00e9en (Calypso, Soca, Reggae, Latin) avec des compositions et des arrangements avec des reprises d&rsquo;artistes divers tels que Stevie Wonder, Caravan Palace et s&rsquo;ouvre m\u00eame sur des \u0153uvres classiques de J.S.Bach. <br>Lien vers le site : <a rel=\"noreferrer noopener\" aria-label=\"www.chromasteel.wordpress.com (s\u2019ouvre dans un nouvel onglet)\" href=\"http:\/\/www.chromasteel.wordpress.com\/\" target=\"_blank\"><strong>www.chromasteel.wordpress.com<\/strong><\/a><\/p>\n\n\n\n<figure class=\"wp-block-image\"><img loading=\"lazy\" width=\"700\" height=\"442\" src=\"http:\/\/amimuse.org\/wp-content\/uploads\/2019\/08\/Ondine-Olivier-2.jpg\" alt=\"\" class=\"wp-image-469\" srcset=\"http:\/\/amimuse.org\/wp-content\/uploads\/2019\/08\/Ondine-Olivier-2.jpg 700w, http:\/\/amimuse.org\/wp-content\/uploads\/2019\/08\/Ondine-Olivier-2-300x189.jpg 300w\" sizes=\"(max-width: 700px) 100vw, 700px\" \/><\/figure>\n\n\n\n<p>  <strong>Au double-second Ondine awen Korn, <\/strong><br>artiste de cirque, chanteuse et accord\u00e9onniste.<br><strong> Au t\u00e9nor Olivier Wiren,<\/strong> <br>initiateur, arrangeur et directeur musical du groupe.<br> Il a \u00e9t\u00e9 form\u00e9 au sein du steelband Calypsociation \u00e0 Paris avec lequel il a enregitr\u00e9 3 albums (Made it, Pan people) dont un en collaboration avec Andy Narell (Le Passage) suivi d&rsquo;une tourn\u00e9e aux USA. Il a fait partie du groupe Panash avec lequel il a tourn\u00e9 en France, Hollande et Allemagne. Il a aussi jou\u00e9 dans diff\u00e9rents steelbands \u00e0 Londres et \u00e0 Trinidad.<br><strong>Aux basses et au double-guitar : Julie Rigou et Elise Simon.<\/strong><br> Julie professeur de dance dipl\u00f4m\u00e9e en danse (jazz claquette et percussions crporelles) danseuse chor\u00e9graphe (swing, danse afro-latine)<br> Elise est animatrice en chant pr\u00e9natal, et fait de la cr\u00e9ation th\u00e9atrale.<\/p>\n\n\n\n<p><br> <strong>Dates marquantes:<\/strong><br> 08\/2015: participation au International Conf\u00e9rence Panorama \u00e0 Trinidad avec Calypsociation. https:\/\/www.youtube.com\/watch?v=QrHjFJXsF_I<br> 05\/2017: participation au Festival National des Steelbands \u00e0 Nantes<br> Et des concerts en Limousin, Ari\u00e8ge, Drome, Tarn, Tarn et Garonne, Aveyron en 2017.<\/p>\n","protected":false},"excerpt":{"rendered":"<p>Le Duo Chroma Steel est form\u00e9 par Ondine awen Korn et Olivier Wiren. Leur instrument, le steelpan (appel\u00e9 aussi steeldrum), embl\u00e8me de Trinidad et Tobago est constitu\u00e9 \u00e0 partir de bidons martel\u00e9s. C&rsquo;est notamment le dernier instrument acoustique invent\u00e9 au 20e si\u00e8cle. Leur r\u00e9pertoire visite des \u0153uvres de J.S. Bach. [&hellip;]<\/p>\n","protected":false},"author":1,"featured_media":428,"parent":0,"menu_order":0,"comment_status":"closed","ping_status":"closed","template":"","meta":[],"_links":{"self":[{"href":"http:\/\/amimuse.org\/index.php?rest_route=\/wp\/v2\/pages\/427"}],"collection":[{"href":"http:\/\/amimuse.org\/index.php?rest_route=\/wp\/v2\/pages"}],"about":[{"href":"http:\/\/amimuse.org\/index.php?rest_route=\/wp\/v2\/types\/page"}],"author":[{"embeddable":true,"href":"http:\/\/amimuse.org\/index.php?rest_route=\/wp\/v2\/users\/1"}],"replies":[{"embeddable":true,"href":"http:\/\/amimuse.org\/index.php?rest_route=%2Fwp%2Fv2%2Fcomments&post=427"}],"version-history":[{"count":6,"href":"http:\/\/amimuse.org\/index.php?rest_route=\/wp\/v2\/pages\/427\/revisions"}],"predecessor-version":[{"id":472,"href":"http:\/\/amimuse.org\/index.php?rest_route=\/wp\/v2\/pages\/427\/revisions\/472"}],"wp:featuredmedia":[{"embeddable":true,"href":"http:\/\/amimuse.org\/index.php?rest_route=\/wp\/v2\/media\/428"}],"wp:attachment":[{"href":"http:\/\/amimuse.org\/index.php?rest_route=%2Fwp%2Fv2%2Fmedia&parent=427"}],"curies":[{"name":"wp","href":"https:\/\/api.w.org\/{rel}","templated":true}]}}