{"id":751,"date":"2020-09-15T18:06:22","date_gmt":"2020-09-15T16:06:22","guid":{"rendered":"http:\/\/amimuse.org\/?page_id=751"},"modified":"2020-09-15T18:18:51","modified_gmt":"2020-09-15T16:18:51","slug":"saison-2019-2020","status":"publish","type":"page","link":"http:\/\/amimuse.org\/?page_id=751","title":{"rendered":"Saison 2019-2020"},"content":{"rendered":"\n<p style=\"text-align:left\"><strong>Concerts de la saison 2019-2020<\/strong><\/p>\n\n\n\n<p><strong><a rel=\"noreferrer noopener\" aria-label=\" (s\u2019ouvre dans un nouvel onglet)\" href=\"http:\/\/amimuse.org\/?page_id=427\" target=\"_blank\">Chromasteel<\/a><\/strong>, 7 septembre 2019<br><strong><a rel=\"noreferrer noopener\" aria-label=\" (s\u2019ouvre dans un nouvel onglet)\" href=\"http:\/\/amimuse.org\/?page_id=343\" target=\"_blank\">Trio Courtois, Fincker, Edermann<\/a><\/strong>, 5 octobre 2019<br><a rel=\"noreferrer noopener\" aria-label=\"Orchestre de chambre de Brest (s\u2019ouvre dans un nouvel onglet)\" href=\"http:\/\/amimuse.org\/?p=109\" target=\"_blank\"><strong>Orchestre de chambre de Brest<\/strong><\/a>, 8 d\u00e9cembre 2019<br><strong><a rel=\"noreferrer noopener\" aria-label=\" (s\u2019ouvre dans un nouvel onglet)\" href=\"http:\/\/amimuse.org\/?page_id=370\" target=\"_blank\">Concert \u00e9cole de Crozon<\/a><\/strong>, 24 janvier 2020<br><strong><a rel=\"noreferrer noopener\" aria-label=\" (s\u2019ouvre dans un nouvel onglet)\" href=\"http:\/\/amimuse.org\/?page_id=374\" target=\"_blank\">Babel Canto<\/a><\/strong>, 26 janvier 2020<br><strong><a rel=\"noreferrer noopener\" aria-label=\" (s\u2019ouvre dans un nouvel onglet)\" href=\"http:\/\/amimuse.org\/?page_id=379\" target=\"_blank\">Bubbey Mayse<\/a><\/strong>, 8 f\u00e9vrier 2020<br><strong><a rel=\"noreferrer noopener\" aria-label=\" (s\u2019ouvre dans un nouvel onglet)\" href=\"http:\/\/amimuse.org\/?page_id=388\" target=\"_blank\">Concert \u00e9cole de Telgruc<\/a><\/strong>, 8 mars 2020<br><a rel=\"noreferrer noopener\" aria-label=\"Ensemble romantique de Bretagne (s\u2019ouvre dans un nouvel onglet)\" href=\"http:\/\/amimuse.org\/?page_id=393\" target=\"_blank\"><strong>Ensemble<\/strong> <\/a><font color=\"#2188ff\"><span style=\"caret-color: rgb(33, 136, 255); font-weight: 600;\"><a rel=\"noreferrer noopener\" aria-label=\"Ensemble romantique de Bretagne (s\u2019ouvre dans un nouvel onglet)\" href=\"http:\/\/amimuse.org\/?page_id=393\" target=\"_blank\">romantiqu<\/a><\/span><\/font><strong><a rel=\"noreferrer noopener\" aria-label=\"Ensemble romantique de Bretagne (s\u2019ouvre dans un nouvel onglet)\" href=\"http:\/\/amimuse.org\/?page_id=393\" target=\"_blank\">e de Bretagne<\/a><\/strong>, report\u00e9<br><strong><a href=\"http:\/\/amimuse.org\/?page_id=398\" target=\"_blank\" rel=\"noreferrer noopener\" aria-label=\" (s\u2019ouvre dans un nouvel onglet)\">Orchestre universitaire de Bres<\/a><\/strong><a href=\"http:\/\/amimuse.org\/?page_id=398\" target=\"_blank\" rel=\"noreferrer noopener\" aria-label=\" (s\u2019ouvre dans un nouvel onglet)\">t<\/a>, report\u00e9<br><strong><a rel=\"noreferrer noopener\" aria-label=\"Ensemble Diverssimento (s\u2019ouvre dans un nouvel onglet)\" href=\"http:\/\/amimuse.org\/?p=145\" target=\"_blank\">Ensemble Diverssimento<\/a><\/strong>, report\u00e9<\/p>\n","protected":false},"excerpt":{"rendered":"<p>Concerts de la saison 2019-2020 Chromasteel, 7 septembre 2019Trio Courtois, Fincker, Edermann, 5 octobre 2019Orchestre de chambre de Brest, 8 d\u00e9cembre 2019Concert \u00e9cole de Crozon, 24 janvier 2020Babel Canto, 26 janvier 2020Bubbey Mayse, 8 f\u00e9vrier 2020Concert \u00e9cole de Telgruc, 8 mars 2020Ensemble romantique de Bretagne, report\u00e9Orchestre universitaire de Brest, report\u00e9Ensemble [&hellip;]<\/p>\n","protected":false},"author":1,"featured_media":381,"parent":0,"menu_order":0,"comment_status":"closed","ping_status":"closed","template":"","meta":[],"_links":{"self":[{"href":"http:\/\/amimuse.org\/index.php?rest_route=\/wp\/v2\/pages\/751"}],"collection":[{"href":"http:\/\/amimuse.org\/index.php?rest_route=\/wp\/v2\/pages"}],"about":[{"href":"http:\/\/amimuse.org\/index.php?rest_route=\/wp\/v2\/types\/page"}],"author":[{"embeddable":true,"href":"http:\/\/amimuse.org\/index.php?rest_route=\/wp\/v2\/users\/1"}],"replies":[{"embeddable":true,"href":"http:\/\/amimuse.org\/index.php?rest_route=%2Fwp%2Fv2%2Fcomments&post=751"}],"version-history":[{"count":3,"href":"http:\/\/amimuse.org\/index.php?rest_route=\/wp\/v2\/pages\/751\/revisions"}],"predecessor-version":[{"id":754,"href":"http:\/\/amimuse.org\/index.php?rest_route=\/wp\/v2\/pages\/751\/revisions\/754"}],"wp:featuredmedia":[{"embeddable":true,"href":"http:\/\/amimuse.org\/index.php?rest_route=\/wp\/v2\/media\/381"}],"wp:attachment":[{"href":"http:\/\/amimuse.org\/index.php?rest_route=%2Fwp%2Fv2%2Fmedia&parent=751"}],"curies":[{"name":"wp","href":"https:\/\/api.w.org\/{rel}","templated":true}]}}