{"id":770,"date":"2020-09-16T08:55:17","date_gmt":"2020-09-16T06:55:17","guid":{"rendered":"http:\/\/amimuse.org\/?page_id=770"},"modified":"2020-11-25T09:59:36","modified_gmt":"2020-11-25T08:59:36","slug":"concerts-colaire","status":"publish","type":"page","link":"http:\/\/amimuse.org\/?page_id=770","title":{"rendered":"CONCERT SCOLAIRE CROZON"},"content":{"rendered":"\n<p class=\"has-text-align-center\"><strong>\u00c9cole Saint-Anne &#8211; Crozon<\/strong><br>Lundi 30 novembre 2020<\/p>\n\n\n\n<p class=\"has-text-align-center has-header-gradient-color has-white-background-color has-text-color has-background has-large-font-size\"><strong>CONCERT REPORT\u00c9<\/strong><\/p>\n\n\n\n<p class=\"has-text-align-center has-large-font-size\"><strong>Ensemble Les Quatre Vents<\/strong><\/p>\n\n\n\n<p>Premier d\u2019une s\u00e9rie de plusieurs concerts propos\u00e9s aux enfants des \u00e9coles dans leur \u00e9cole. Des musiciens professionnels et amateurs, des ensembles constitu\u00e9s, viendront jouer pour les enfants un programme \u00e9clectique et de qualit\u00e9 (musique classique ou contemporaine) tout en leur donnant des cl\u00e9s pour l\u2019\u00e9coute : rep\u00e8res historiques, g\u00e9ographiques, culturels ou \u00e9motionnels. Ces concerts enti\u00e8rement gratuits permettront aux scolaires de d\u00e9couvrir ce qu\u2019est un concert \u00ab classique \u00bb, ses styles, ses rituels, et d\u2019aborder un r\u00e9pertoire que peu d\u2019entre eux ont entendu. Le 30 novembre, c\u2019est l\u2019ensemble \u00ab Les Quatre vents\u00bb qui jouera \u00e0 l\u2019\u00e9cole Sainte-Anne.<\/p>\n\n\n\n<p class=\"has-text-align-center\">Tarifs : Gratuit. Concert r\u00e9serv\u00e9 aux scolaires.<br>Organisation : Les Amis de la Musique &#8211; www.amimuse.org &#8211; Licence 3-1123217<\/p>\n\n\n\n<p><\/p>\n","protected":false},"excerpt":{"rendered":"<p>\u00c9cole Saint-Anne &#8211; CrozonLundi 30 novembre 2020 CONCERT REPORT\u00c9 Ensemble Les Quatre Vents Premier d\u2019une s\u00e9rie de plusieurs concerts propos\u00e9s aux enfants des \u00e9coles dans leur \u00e9cole. Des musiciens professionnels et amateurs, des ensembles constitu\u00e9s, viendront jouer pour les enfants un programme \u00e9clectique et de qualit\u00e9 (musique classique ou contemporaine) [&hellip;]<\/p>\n","protected":false},"author":1,"featured_media":758,"parent":0,"menu_order":0,"comment_status":"closed","ping_status":"closed","template":"","meta":[],"_links":{"self":[{"href":"http:\/\/amimuse.org\/index.php?rest_route=\/wp\/v2\/pages\/770"}],"collection":[{"href":"http:\/\/amimuse.org\/index.php?rest_route=\/wp\/v2\/pages"}],"about":[{"href":"http:\/\/amimuse.org\/index.php?rest_route=\/wp\/v2\/types\/page"}],"author":[{"embeddable":true,"href":"http:\/\/amimuse.org\/index.php?rest_route=\/wp\/v2\/users\/1"}],"replies":[{"embeddable":true,"href":"http:\/\/amimuse.org\/index.php?rest_route=%2Fwp%2Fv2%2Fcomments&post=770"}],"version-history":[{"count":4,"href":"http:\/\/amimuse.org\/index.php?rest_route=\/wp\/v2\/pages\/770\/revisions"}],"predecessor-version":[{"id":852,"href":"http:\/\/amimuse.org\/index.php?rest_route=\/wp\/v2\/pages\/770\/revisions\/852"}],"wp:featuredmedia":[{"embeddable":true,"href":"http:\/\/amimuse.org\/index.php?rest_route=\/wp\/v2\/media\/758"}],"wp:attachment":[{"href":"http:\/\/amimuse.org\/index.php?rest_route=%2Fwp%2Fv2%2Fmedia&parent=770"}],"curies":[{"name":"wp","href":"https:\/\/api.w.org\/{rel}","templated":true}]}}