{"id":781,"date":"2020-09-16T09:09:53","date_gmt":"2020-09-16T07:09:53","guid":{"rendered":"http:\/\/amimuse.org\/?page_id=781"},"modified":"2021-06-21T18:57:49","modified_gmt":"2021-06-21T16:57:49","slug":"les-poissons-voyageurs","status":"publish","type":"page","link":"http:\/\/amimuse.org\/?page_id=781","title":{"rendered":"LES POISSONS VOYAGEURS"},"content":{"rendered":"\n<p class=\"has-text-align-center has-medium-font-size\"><strong>Samedi 13 mars 2021, 20 h 30<\/strong><br>Ty Skol, Saint-Hernot<br><strong>CONCERT REPORT\u00c9<\/strong><\/p>\n\n\n\n<p>Entre reprises et compositions, le fil rouge du concert est une musique swing aux teintes balkaniques o\u00f9 le chant occupe la place centrale. Avec les 500 000 kilom\u00e8tres parcourus au travers de 35 pays par les 17 membres et ex-membres du groupe, les Poissons Voyageurs ont rencontr\u00e9 des musiciens russes, g\u00e9orgiens, br\u00e9siliens, grecs, s\u00e9pharades, am\u00e9ricains\u2026 apportant au groupe une solide connaissance des musiques traditionnelles des pays parcourus, servie par leurs r\u00e9elles qualit\u00e9s d\u2019instrumentistes. L\u2019\u00e9quilibre humain et l\u2019humour partag\u00e9 se ressentent \u00e0 chaque morceau. Ils communiquent naturellement l\u2019amour de la musique et la joie de vivre qui les rassemblent. Le concert de Crozon marque le point de d\u00e9part de leur nouveau voyage qui va les emmener en camion jusqu\u2019au Japon !<\/p>\n\n\n\n<p class=\"has-text-align-center\">Tarifs : 8\u20ac &#8211; 5 \u20ac &#8211; Gratuits moins de 16 ans et \u00e9l\u00e8ves de l\u2019\u00e9cole de musique.<br>Organisation : Les Amis de la musique. Licence 3-1123217<br>R\u00e9servation : R\u00e9servation librairie Le Parchemin une semaine avant le concert.<br><\/p>\n","protected":false},"excerpt":{"rendered":"<p>Samedi 13 mars 2021, 20 h 30Ty Skol, Saint-HernotCONCERT REPORT\u00c9 Entre reprises et compositions, le fil rouge du concert est une musique swing aux teintes balkaniques o\u00f9 le chant occupe la place centrale. Avec les 500 000 kilom\u00e8tres parcourus au travers de 35 pays par les 17 membres et ex-membres [&hellip;]<\/p>\n","protected":false},"author":1,"featured_media":761,"parent":0,"menu_order":0,"comment_status":"closed","ping_status":"closed","template":"","meta":[],"_links":{"self":[{"href":"http:\/\/amimuse.org\/index.php?rest_route=\/wp\/v2\/pages\/781"}],"collection":[{"href":"http:\/\/amimuse.org\/index.php?rest_route=\/wp\/v2\/pages"}],"about":[{"href":"http:\/\/amimuse.org\/index.php?rest_route=\/wp\/v2\/types\/page"}],"author":[{"embeddable":true,"href":"http:\/\/amimuse.org\/index.php?rest_route=\/wp\/v2\/users\/1"}],"replies":[{"embeddable":true,"href":"http:\/\/amimuse.org\/index.php?rest_route=%2Fwp%2Fv2%2Fcomments&post=781"}],"version-history":[{"count":2,"href":"http:\/\/amimuse.org\/index.php?rest_route=\/wp\/v2\/pages\/781\/revisions"}],"predecessor-version":[{"id":871,"href":"http:\/\/amimuse.org\/index.php?rest_route=\/wp\/v2\/pages\/781\/revisions\/871"}],"wp:featuredmedia":[{"embeddable":true,"href":"http:\/\/amimuse.org\/index.php?rest_route=\/wp\/v2\/media\/761"}],"wp:attachment":[{"href":"http:\/\/amimuse.org\/index.php?rest_route=%2Fwp%2Fv2%2Fmedia&parent=781"}],"curies":[{"name":"wp","href":"https:\/\/api.w.org\/{rel}","templated":true}]}}