{"id":989,"date":"2021-11-04T16:08:41","date_gmt":"2021-11-04T15:08:41","guid":{"rendered":"http:\/\/amimuse.org\/?page_id=989"},"modified":"2021-11-05T14:11:11","modified_gmt":"2021-11-05T13:11:11","slug":"flute-traversiere","status":"publish","type":"page","link":"http:\/\/amimuse.org\/?page_id=989","title":{"rendered":"Fl\u00fbte traversi\u00e8re"},"content":{"rendered":"\n<p class=\"has-text-align-center\">Cliquez sur la page choisie :<\/p>\n\n\n\n<p class=\"has-text-align-center has-header-gradient-color has-text-color\" style=\"font-size:24px\"><strong><a href=\"http:\/\/amimuse.org\/?page_id=989\">Fl\u00fbte<\/a>  \u2022  <a href=\"http:\/\/amimuse.org\/?page_id=993\">Clarinette<\/a>  \u2022  <a href=\"http:\/\/amimuse.org\/?page_id=1013\">Cor<\/a>  \u2022  <a href=\"http:\/\/amimuse.org\/?page_id=1017\">Basson<\/a> <\/strong><\/p>\n\n\n\n<p class=\"has-text-align-center\" style=\"font-size:24px\"><br><strong><a href=\"http:\/\/amimuse.org\/?page_id=1030\">01-Vent de folie<\/a> \u2022 <a href=\"http:\/\/amimuse.org\/?page_id=1033\">02-Fibich<\/a> \u2022 <a href=\"http:\/\/amimuse.org\/?page_id=1041\">03-Remando<\/a> \u2022 <a href=\"http:\/\/amimuse.org\/?page_id=1045\">04-R\u00eaverie<\/a> <br><a href=\"http:\/\/amimuse.org\/?page_id=1052\">05-Quintette de Taffanel<\/a> \u2022 <a href=\"http:\/\/amimuse.org\/?page_id=1058\">06-La Comt\u00e9<\/a> <br><a href=\"http:\/\/amimuse.org\/?page_id=1064\">07-Concerto pour cor<\/a> \u2022 <a href=\"http:\/\/amimuse.org\/?page_id=1073\">08-Le Mal du pays<\/a> \u2022 <a href=\"http:\/\/amimuse.org\/?page_id=1079\">09-Le joueur de vielle<\/a><br><a href=\"http:\/\/amimuse.org\/?page_id=1089\">10-Valse de mariage<\/a> \u2022 <a href=\"http:\/\/amimuse.org\/?page_id=1106\">11-Grandfather<\/a><\/strong><br><a href=\"http:\/\/amimuse.org\/?page_id=1177\">Ensemble Les Quatre Vents<\/a><\/p>\n\n\n\n<div style=\"height:110px\" aria-hidden=\"true\" class=\"wp-block-spacer\"><\/div>\n\n\n\n<p class=\"has-text-align-center has-accent-color has-text-color\" style=\"font-size:40px\"><strong>LA FL\u00dbTE TRAVERSI\u00c8RE<\/strong><\/p>\n\n\n\n<p>Comme dans un sifflet, le son des fl\u00fbtes est provoqu\u00e9 par l\u2019envoi d\u2019air sur un biseau.&nbsp;Cet air se trouve divis\u00e9 et des tourbillons se forment\u2009: la plus grande partie entre dans le corps de l\u2019instrument et le fait vibrer\u2009; le reste est perdu \u00e0 l\u2019ext\u00e9rieur et provoque le chuintement caract\u00e9ristique des fl\u00fbtes. C\u2019est la longueur du tuyau qui d\u00e9termine la hauteur du son. Chaque fois que l\u2019on d\u00e9bouche un trou, la fl\u00fbte se \u00ab\u2009raccourcit\u2009\u00bb et le son devient plus aigu. Sur les plus grandes fl\u00fbtes, quelques cl\u00e9s permettent d\u2019atteindre les trous les plus \u00e9loign\u00e9s.<\/p>\n\n\n\n<div class=\"wp-block-image\"><figure class=\"aligncenter size-large\"><img loading=\"lazy\" width=\"1000\" height=\"85\" src=\"http:\/\/amimuse.org\/wp-content\/uploads\/2021\/11\/Flute-traversiere-1000.jpg\" alt=\"\" class=\"wp-image-951\" srcset=\"http:\/\/amimuse.org\/wp-content\/uploads\/2021\/11\/Flute-traversiere-1000.jpg 1000w, http:\/\/amimuse.org\/wp-content\/uploads\/2021\/11\/Flute-traversiere-1000-300x26.jpg 300w, http:\/\/amimuse.org\/wp-content\/uploads\/2021\/11\/Flute-traversiere-1000-768x65.jpg 768w\" sizes=\"(max-width: 1000px) 100vw, 1000px\" \/><\/figure><\/div>\n\n\n\n<div class=\"wp-block-image\"><figure class=\"aligncenter size-large\"><img loading=\"lazy\" width=\"800\" height=\"186\" src=\"http:\/\/amimuse.org\/wp-content\/uploads\/2021\/11\/Flute-traversiere-embouchure-1000.jpg\" alt=\"\" class=\"wp-image-953\" srcset=\"http:\/\/amimuse.org\/wp-content\/uploads\/2021\/11\/Flute-traversiere-embouchure-1000.jpg 800w, http:\/\/amimuse.org\/wp-content\/uploads\/2021\/11\/Flute-traversiere-embouchure-1000-300x70.jpg 300w, http:\/\/amimuse.org\/wp-content\/uploads\/2021\/11\/Flute-traversiere-embouchure-1000-768x179.jpg 768w\" sizes=\"(max-width: 800px) 100vw, 800px\" \/><\/figure><\/div>\n\n\n\n<figure class=\"wp-block-video aligncenter\"><video controls src=\"http:\/\/amimuse.org\/wp-content\/uploads\/2021\/11\/Flute.mp4\"><\/video><figcaption><strong>Pr\u00e9sentation de la fl\u00fbte par \u00c9l\u00e9onore Labaume<\/strong><\/figcaption><\/figure>\n","protected":false},"excerpt":{"rendered":"<p>Cliquez sur la page choisie : Fl\u00fbte \u2022 Clarinette \u2022 Cor \u2022 Basson 01-Vent de folie \u2022 02-Fibich \u2022 03-Remando \u2022 04-R\u00eaverie 05-Quintette de Taffanel \u2022 06-La Comt\u00e9 07-Concerto pour cor \u2022 08-Le Mal du pays \u2022 09-Le joueur de vielle10-Valse de mariage \u2022 11-GrandfatherEnsemble Les Quatre Vents LA FL\u00dbTE [&hellip;]<\/p>\n","protected":false},"author":1,"featured_media":929,"parent":0,"menu_order":1,"comment_status":"closed","ping_status":"closed","template":"page-templates\/template-page-sidebar.php","meta":[],"_links":{"self":[{"href":"http:\/\/amimuse.org\/index.php?rest_route=\/wp\/v2\/pages\/989"}],"collection":[{"href":"http:\/\/amimuse.org\/index.php?rest_route=\/wp\/v2\/pages"}],"about":[{"href":"http:\/\/amimuse.org\/index.php?rest_route=\/wp\/v2\/types\/page"}],"author":[{"embeddable":true,"href":"http:\/\/amimuse.org\/index.php?rest_route=\/wp\/v2\/users\/1"}],"replies":[{"embeddable":true,"href":"http:\/\/amimuse.org\/index.php?rest_route=%2Fwp%2Fv2%2Fcomments&post=989"}],"version-history":[{"count":26,"href":"http:\/\/amimuse.org\/index.php?rest_route=\/wp\/v2\/pages\/989\/revisions"}],"predecessor-version":[{"id":1210,"href":"http:\/\/amimuse.org\/index.php?rest_route=\/wp\/v2\/pages\/989\/revisions\/1210"}],"wp:featuredmedia":[{"embeddable":true,"href":"http:\/\/amimuse.org\/index.php?rest_route=\/wp\/v2\/media\/929"}],"wp:attachment":[{"href":"http:\/\/amimuse.org\/index.php?rest_route=%2Fwp%2Fv2%2Fmedia&parent=989"}],"curies":[{"name":"wp","href":"https:\/\/api.w.org\/{rel}","templated":true}]}}