{"id":1236,"date":"2022-01-12T10:54:20","date_gmt":"2022-01-12T09:54:20","guid":{"rendered":"http:\/\/amimuse.org\/?page_id=1236"},"modified":"2022-02-07T09:32:39","modified_gmt":"2022-02-07T08:32:39","slug":"halloween","status":"publish","type":"page","link":"https:\/\/amimuse.org\/?page_id=1236","title":{"rendered":"HALLOWEEN"},"content":{"rendered":"\n<p class=\"has-text-align-center has-navbar-text-color-hover-color has-text-color has-large-font-size\">CONCERT ANNUL\u00c9 ET REPORT\u00c9<br><strong>ROCK PROGRESSIF<\/strong><\/p>\n\n\n\n<p class=\"has-text-align-center\">REPORT\u00c9 D\u00c9BUT 2023<br>(<strong>SAMEDI 12 F\u00c9VRIER 2022 &#8211; 20 H 30<\/strong>)<br><strong>SALLE TY SKOL (SAINT-HERNOT)<\/strong><\/p>\n\n\n\n<div class=\"wp-block-image\"><figure class=\"aligncenter size-large\"><img loading=\"lazy\" width=\"700\" height=\"394\" src=\"http:\/\/amimuse.org\/wp-content\/uploads\/2022\/01\/Halloween-\u00a9Pierre-Barraine-700.jpg\" alt=\"\" class=\"wp-image-1237\" srcset=\"https:\/\/amimuse.org\/wp-content\/uploads\/2022\/01\/Halloween-\u00a9Pierre-Barraine-700.jpg 700w, https:\/\/amimuse.org\/wp-content\/uploads\/2022\/01\/Halloween-\u00a9Pierre-Barraine-700-300x169.jpg 300w\" sizes=\"(max-width: 700px) 100vw, 700px\" \/><\/figure><\/div>\n\n\n\n<p>\u00ab&nbsp;Vingt ans apr\u00e8s&nbsp;\u00bb, le groupe brestois de rock progressif Halloween se reforme&nbsp;!<\/p>\n\n\n\n<p>Retour sur une histoire qui d\u00e9bute en 1982 avec la rencontre entre Jean Philippe Brun, altiste, violoniste guitariste, prof au conservatoire de Brest, Gilles Coppin, pianiste, clavi\u00e9riste, ing\u00e9nieur t\u00e9l\u00e9com, lui aussi de formation classique et Thierry Gillet, batteur. Les trois complices r\u00e9unissent leurs passions, le rock oui, mais plut\u00f4t progressif, tendance symphonique et la litt\u00e9rature gothique.&nbsp;&nbsp;<\/p>\n\n\n\n<p>Un premier album en 1988, \u00ab&nbsp;Part one&nbsp;\u00bb, tr\u00e8s bien accueilli par le public et la critique, les premi\u00e8res sc\u00e8nes prometteuses et une s\u00e9lection au Printemps de Bourges les motivent pour poursuivre l&rsquo;aventure et recruter un nouveau batteur Philippe Di Faostino. L&rsquo;ossature d\u00e9finitive du groupe est mise en place, r\u00e9unissant des musiciens talentueux, adeptes des tempos un peu compliqu\u00e9s&#8230; \u00ab&nbsp;Le 4 temps, c&rsquo;est pas tout le temps&nbsp;\u00bb, plaisantent-ils facilement.<\/p>\n\n\n\n<p>Suivront \u00ab&nbsp;Laz&nbsp;\u00bb, inspir\u00e9 de l&rsquo;univers de Lovecraft, \u00ab&nbsp;Merlin&nbsp;\u00bb d&rsquo;apr\u00e8s le livre de Michel Rio, \u00ab&nbsp;Silence, Au dernier rang&nbsp;\u00bb, et \u00ab&nbsp;Le Festin&nbsp;\u00bb , tous produits par le label ind\u00e9pendant Mus\u00e9a qui les diffuse dans le monde entier.<br>Leur rock romantique, sombre, parfois inqui\u00e9tant, et ses envol\u00e9es musicales lyriques font mouche. Ils encha\u00eenent les concerts en France et \u00e0 l&rsquo;\u00e9tranger, \u00c9tats-Unis, Mexique. Halloween renouvelle le rock progressif en France et devient un groupe de r\u00e9f\u00e9rence. Ils invitent sur sc\u00e8ne des complices venus du classique, le Quatuor Opus 29, le jeune ensemble Matheus, des chorales, des solistes classiques&#8230; Ils aiment multiplier les exp\u00e9rimentations musicales, les alliages et les contrastes.<\/p>\n\n\n\n<p>Halloween se reforme\u2026 Et cela sera encore meilleur si Halloween revient nous enchanter r\u00e9guli\u00e8rement&nbsp;!<\/p>\n\n\n\n<p class=\"has-text-align-center\">Jean Philippe Brun, violon<br>Gilles Coppin, claviers<br>Philippe Di Faostino, batterie, percussions<br>G\u00e9raldine Le Cocq, chant<br>C\u00e9dric Monjour, guitare<br>Romain Troly, basse<\/p>\n\n\n\n<p class=\"has-text-align-center\">Tarifs : 8 \u20ac &#8211; 5 \u20ac &#8211; Gratuit pour les moins de 16 ans et les \u00e9l\u00e8ves de l&rsquo;\u00e9cole de musique.<br>R\u00e9servation une semaine avant le concert : Librairie Le Parchemin, Crozon.<br>Photo : Pierre Barraine<\/p>\n","protected":false},"excerpt":{"rendered":"<p>CONCERT ANNUL\u00c9 ET REPORT\u00c9ROCK PROGRESSIF REPORT\u00c9 D\u00c9BUT 2023(SAMEDI 12 F\u00c9VRIER 2022 &#8211; 20 H 30)SALLE TY SKOL (SAINT-HERNOT) \u00ab&nbsp;Vingt ans apr\u00e8s&nbsp;\u00bb, le groupe brestois de rock progressif Halloween se reforme&nbsp;! Retour sur une histoire qui d\u00e9bute en 1982 avec la rencontre entre Jean Philippe Brun, altiste, violoniste guitariste, prof au [&hellip;]<\/p>\n","protected":false},"author":1,"featured_media":1238,"parent":0,"menu_order":0,"comment_status":"closed","ping_status":"closed","template":"","meta":[],"_links":{"self":[{"href":"https:\/\/amimuse.org\/index.php?rest_route=\/wp\/v2\/pages\/1236"}],"collection":[{"href":"https:\/\/amimuse.org\/index.php?rest_route=\/wp\/v2\/pages"}],"about":[{"href":"https:\/\/amimuse.org\/index.php?rest_route=\/wp\/v2\/types\/page"}],"author":[{"embeddable":true,"href":"https:\/\/amimuse.org\/index.php?rest_route=\/wp\/v2\/users\/1"}],"replies":[{"embeddable":true,"href":"https:\/\/amimuse.org\/index.php?rest_route=%2Fwp%2Fv2%2Fcomments&post=1236"}],"version-history":[{"count":3,"href":"https:\/\/amimuse.org\/index.php?rest_route=\/wp\/v2\/pages\/1236\/revisions"}],"predecessor-version":[{"id":1280,"href":"https:\/\/amimuse.org\/index.php?rest_route=\/wp\/v2\/pages\/1236\/revisions\/1280"}],"wp:featuredmedia":[{"embeddable":true,"href":"https:\/\/amimuse.org\/index.php?rest_route=\/wp\/v2\/media\/1238"}],"wp:attachment":[{"href":"https:\/\/amimuse.org\/index.php?rest_route=%2Fwp%2Fv2%2Fmedia&parent=1236"}],"curies":[{"name":"wp","href":"https:\/\/api.w.org\/{rel}","templated":true}]}}