{"id":904,"date":"2021-09-04T15:25:15","date_gmt":"2021-09-04T13:25:15","guid":{"rendered":"http:\/\/amimuse.org\/?page_id=904"},"modified":"2021-09-04T15:30:18","modified_gmt":"2021-09-04T13:30:18","slug":"hop-hop-hop-crew","status":"publish","type":"page","link":"https:\/\/amimuse.org\/?page_id=904","title":{"rendered":"HOP HOP HOP CREW"},"content":{"rendered":"\n<p class=\"has-text-align-center has-medium-font-size\">HOP HOP HOP CREW<br><strong>Samedi 16 octobre 2020 &#8211; 21 h<\/strong><br>Salle \u00ab\u00a0Am\u00e9thyste\u00a0\u00bb<br>Dans le cadre de son inauguration<\/p>\n\n\n\n<div class=\"wp-block-image\"><figure class=\"aligncenter size-large\"><img loading=\"lazy\" width=\"400\" height=\"267\" src=\"http:\/\/amimuse.org\/wp-content\/uploads\/2021\/09\/hophophopcrew-3-300.jpg\" alt=\"\" class=\"wp-image-905\" srcset=\"https:\/\/amimuse.org\/wp-content\/uploads\/2021\/09\/hophophopcrew-3-300.jpg 400w, https:\/\/amimuse.org\/wp-content\/uploads\/2021\/09\/hophophopcrew-3-300-300x200.jpg 300w, https:\/\/amimuse.org\/wp-content\/uploads\/2021\/09\/hophophopcrew-3-300-360x240.jpg 360w\" sizes=\"(max-width: 400px) 100vw, 400px\" \/><\/figure><\/div>\n\n\n\n<p>Ne vous attendez pas \u00e0 trouver, avec Hop Hop Hop Crew, de la Musique Balkanique traditionnelle : ces musiciens ont r\u00e9solument pris le parti de jouer cette musique \u00e0 leur sauce, avec toutes les influences des musiques actuelles, n\u2019en d\u00e9plaise aux puristes. \u00c0 c\u00f4t\u00e9 de ces reprises, le groupe a \u00e9galement initi\u00e9 une d\u00e9marche de composition, afin d\u2019affirmer une identit\u00e9 propre. Des voix \u00e9nergiques, un accord\u00e9on sensuel, une clarinette langoureuse, un saxophone suave et une guitare virtuose, soutenus par une basse et une batterie survolt\u00e9es : le Hop Hop Hop Crew a la r\u00e9putation d\u2019enchanter son public \u00e0 chacun de ses concerts, et n\u2019attend que vous pour continuer l\u2019aventure ! \u00c0 bient\u00f4t !<\/p>\n\n\n\n<div class=\"wp-block-image\"><figure class=\"aligncenter size-large\"><img loading=\"lazy\" width=\"300\" height=\"213\" src=\"http:\/\/amimuse.org\/wp-content\/uploads\/2021\/09\/hophophopcrew-2-300.jpg\" alt=\"\" class=\"wp-image-906\"\/><\/figure><\/div>\n\n\n\n<p class=\"has-text-align-center\">Tarif : Gratuit<br>Organisation : Les Amis de la musique. Licence 3-1123217<\/p>\n\n\n\n<p> <br><\/p>\n","protected":false},"excerpt":{"rendered":"<p>HOP HOP HOP CREWSamedi 16 octobre 2020 &#8211; 21 hSalle \u00ab\u00a0Am\u00e9thyste\u00a0\u00bbDans le cadre de son inauguration Ne vous attendez pas \u00e0 trouver, avec Hop Hop Hop Crew, de la Musique Balkanique traditionnelle : ces musiciens ont r\u00e9solument pris le parti de jouer cette musique \u00e0 leur sauce, avec toutes les [&hellip;]<\/p>\n","protected":false},"author":1,"featured_media":909,"parent":0,"menu_order":0,"comment_status":"closed","ping_status":"closed","template":"","meta":[],"_links":{"self":[{"href":"https:\/\/amimuse.org\/index.php?rest_route=\/wp\/v2\/pages\/904"}],"collection":[{"href":"https:\/\/amimuse.org\/index.php?rest_route=\/wp\/v2\/pages"}],"about":[{"href":"https:\/\/amimuse.org\/index.php?rest_route=\/wp\/v2\/types\/page"}],"author":[{"embeddable":true,"href":"https:\/\/amimuse.org\/index.php?rest_route=\/wp\/v2\/users\/1"}],"replies":[{"embeddable":true,"href":"https:\/\/amimuse.org\/index.php?rest_route=%2Fwp%2Fv2%2Fcomments&post=904"}],"version-history":[{"count":2,"href":"https:\/\/amimuse.org\/index.php?rest_route=\/wp\/v2\/pages\/904\/revisions"}],"predecessor-version":[{"id":910,"href":"https:\/\/amimuse.org\/index.php?rest_route=\/wp\/v2\/pages\/904\/revisions\/910"}],"wp:featuredmedia":[{"embeddable":true,"href":"https:\/\/amimuse.org\/index.php?rest_route=\/wp\/v2\/media\/909"}],"wp:attachment":[{"href":"https:\/\/amimuse.org\/index.php?rest_route=%2Fwp%2Fv2%2Fmedia&parent=904"}],"curies":[{"name":"wp","href":"https:\/\/api.w.org\/{rel}","templated":true}]}}