{"id":924,"date":"2021-09-04T18:38:31","date_gmt":"2021-09-04T16:38:31","guid":{"rendered":"http:\/\/amimuse.org\/?page_id=924"},"modified":"2021-11-04T19:17:19","modified_gmt":"2021-11-04T18:17:19","slug":"les-quatre-vents","status":"publish","type":"page","link":"https:\/\/amimuse.org\/?page_id=924","title":{"rendered":"LES QUATRE VENTS"},"content":{"rendered":"\n<p class=\"has-text-align-center has-medium-font-size\"><strong>DEUX CONCERTS SCOLAIRES<\/strong><br><strong>Mardi 30 novembre 2021 &#8211; 10 h &amp; 14 h 30 &#8211; Am\u00e9thyste<br><\/strong>Ouvert aux Classes de CP et CE de la Presqu&rsquo;\u00eele<\/p>\n\n\n\n<p>Cet ensemble \u00e0 g\u00e9om\u00e9trie variable est issu de l\u2019Orchestre universitaire de Brest, dirig\u00e9 par Jean-Philippe Brun. L\u2019ensemble totalise plus d\u2019une centaine de concerts, parfois avec instruments et sacs \u00e0 dos en refuge de montagne \u00e0 plus de 2 500 m ! Ces musiciens aiment \u00e0 partager leur passion et les concerts sont l\u2019occasion de pr\u00e9senter, expliquer et situer les musiques dans leur contexte, cherchant ainsi \u00e0 attirer le plus grand nombre vers la musique dite classique. Ils pr\u00e9sentent aussi leurs instruments et leurs musiques aux enfants des \u00e9coles, leur proposant des contes musicaux : L\u2019oie d\u2019or ou Le serpent blanc des fr\u00e8res Grimm, racont\u00e9s et mis en musique par l\u2019ensemble. L\u2019ensemble propose cette fois un concert \u00e0 destination des enfants de l\u2019\u00e9cole primaire, au programme adapt\u00e9 et pr\u00e9c\u00e9d\u00e9, un mois avant, de fiches p\u00e9dagogiques distribu\u00e9es aux enseignants.<\/p>\n\n\n\n<div class=\"wp-block-image\"><figure class=\"aligncenter size-large\"><img loading=\"lazy\" width=\"500\" height=\"300\" src=\"http:\/\/amimuse.org\/wp-content\/uploads\/2021\/09\/Affiche-Quatre-Vents-site-500.jpg\" alt=\"\" class=\"wp-image-925\" srcset=\"https:\/\/amimuse.org\/wp-content\/uploads\/2021\/09\/Affiche-Quatre-Vents-site-500.jpg 500w, https:\/\/amimuse.org\/wp-content\/uploads\/2021\/09\/Affiche-Quatre-Vents-site-500-300x180.jpg 300w\" sizes=\"(max-width: 500px) 100vw, 500px\" \/><\/figure><\/div>\n\n\n\n<p class=\"has-text-align-center\"><a href=\"http:\/\/amimuse.org\/?page_id=989\">ACC\u00c8S AU DOSSIER DES ENSEIGNANTS<\/a><\/p>\n\n\n\n<p class=\"has-text-align-center\">Tout public<br>Tarif : Gratuit pour les scolaires<br>R\u00e9servation : www.comcom-crozon.bzh<\/p>\n","protected":false},"excerpt":{"rendered":"<p>DEUX CONCERTS SCOLAIRESMardi 30 novembre 2021 &#8211; 10 h &amp; 14 h 30 &#8211; Am\u00e9thysteOuvert aux Classes de CP et CE de la Presqu&rsquo;\u00eele Cet ensemble \u00e0 g\u00e9om\u00e9trie variable est issu de l\u2019Orchestre universitaire de Brest, dirig\u00e9 par Jean-Philippe Brun. L\u2019ensemble totalise plus d\u2019une centaine de concerts, parfois avec instruments [&hellip;]<\/p>\n","protected":false},"author":1,"featured_media":929,"parent":0,"menu_order":0,"comment_status":"closed","ping_status":"closed","template":"","meta":[],"_links":{"self":[{"href":"https:\/\/amimuse.org\/index.php?rest_route=\/wp\/v2\/pages\/924"}],"collection":[{"href":"https:\/\/amimuse.org\/index.php?rest_route=\/wp\/v2\/pages"}],"about":[{"href":"https:\/\/amimuse.org\/index.php?rest_route=\/wp\/v2\/types\/page"}],"author":[{"embeddable":true,"href":"https:\/\/amimuse.org\/index.php?rest_route=\/wp\/v2\/users\/1"}],"replies":[{"embeddable":true,"href":"https:\/\/amimuse.org\/index.php?rest_route=%2Fwp%2Fv2%2Fcomments&post=924"}],"version-history":[{"count":3,"href":"https:\/\/amimuse.org\/index.php?rest_route=\/wp\/v2\/pages\/924\/revisions"}],"predecessor-version":[{"id":1138,"href":"https:\/\/amimuse.org\/index.php?rest_route=\/wp\/v2\/pages\/924\/revisions\/1138"}],"wp:featuredmedia":[{"embeddable":true,"href":"https:\/\/amimuse.org\/index.php?rest_route=\/wp\/v2\/media\/929"}],"wp:attachment":[{"href":"https:\/\/amimuse.org\/index.php?rest_route=%2Fwp%2Fv2%2Fmedia&parent=924"}],"curies":[{"name":"wp","href":"https:\/\/api.w.org\/{rel}","templated":true}]}}